{"id":291,"date":"2024-11-21T15:19:18","date_gmt":"2024-11-21T20:19:18","guid":{"rendered":"https:\/\/cncycle.cheofoundation.com\/le-defi-cn-pour-le-cheo\/"},"modified":"2026-02-11T17:15:46","modified_gmt":"2026-02-11T22:15:46","slug":"evenement","status":"publish","type":"page","link":"https:\/\/cncycle.cheofoundation.com\/fr\/evenement\/","title":{"rendered":"Le D\u00e9fi CN pour le CHEO"},"content":{"rendered":"\n<div class=\"wp-block-media-text is-stacked-on-mobile has-purple-background-color has-background\"><figure class=\"wp-block-media-text__media\"><img loading=\"lazy\" decoding=\"async\" width=\"1320\" height=\"881\" src=\"https:\/\/cncycle.cheofoundation.com\/wp-content\/uploads\/sites\/2\/2024\/12\/event-pic-1320x881.jpg\" alt=\"\" class=\"wp-image-141 size-full\" srcset=\"https:\/\/cncycle.cheofoundation.com\/wp-content\/uploads\/sites\/2\/2024\/12\/event-pic-1320x881.jpg 1320w, https:\/\/cncycle.cheofoundation.com\/wp-content\/uploads\/sites\/2\/2024\/12\/event-pic-660x441.jpg 660w, https:\/\/cncycle.cheofoundation.com\/wp-content\/uploads\/sites\/2\/2024\/12\/event-pic-768x513.jpg 768w, https:\/\/cncycle.cheofoundation.com\/wp-content\/uploads\/sites\/2\/2024\/12\/event-pic-1536x1025.jpg 1536w, https:\/\/cncycle.cheofoundation.com\/wp-content\/uploads\/sites\/2\/2024\/12\/event-pic-2048x1367.jpg 2048w\" sizes=\"auto, (max-width: 1320px) 100vw, 1320px\" \/><\/figure><div class=\"wp-block-media-text__content\">\n<h2 class=\"wp-block-heading has-white-color has-text-color has-link-color wp-elements-27e30395893f5db5acdd316c86f49d7b\">\u00c0 propos de l&rsquo;\u00e9v\u00e9nement<\/h2>\n\n\n\n<p class=\"has-white-color has-text-color has-link-color wp-elements-e1157e5ea4fe7b78bd6ce3bce078841a\">Le D\u00e9fi CN pour le CHEO est un \u00e9v\u00e9nement amusant et non comp\u00e9titif qui offre une grande vari\u00e9t\u00e9 de parcours de v\u00e9lo et de marche pour les personnes de tous \u00e2ges et de toutes capacit\u00e9s. <\/p>\n\n\n\n<p class=\"has-white-color has-text-color has-link-color wp-elements-832c36fb37e6c7e05184a064a8c6507b\">Votre inscription comprend le d\u00eener, l&rsquo;acc\u00e8s \u00e0 des divertissements et \u00e0 des activit\u00e9s familiales, et la chance de gagner des prix de collecte de fonds! <br>Votre participation permettra d&rsquo;amasser des fonds n\u00e9cessaires pour soutenir les soins et la recherche en oncologie au CHEO. <\/p>\n\n\n\n<p class=\"has-white-color has-text-color has-link-color wp-elements-0a9d7af654617deb9feb0589e9370f71\">Soyez des n\u00f4tres le 3 mai 2026.<\/p>\n\n\n\n<div class=\"wp-block-buttons is-layout-flex wp-block-buttons-is-layout-flex\">\n<div class=\"wp-block-button\"><a class=\"wp-block-button__link has-yellow-background-color has-background wp-element-button\" href=\"https:\/\/cheofoundation.donordrive.com\/?fuseaction=register.start&amp;eventID=824&amp;language=fr\" target=\"_blank\" rel=\"noreferrer noopener\">Inscription<\/a><\/div>\n<\/div>\n<\/div><\/div>\n\n\n\n<div class=\"wp-block-media-text has-media-on-the-right is-stacked-on-mobile\"><div class=\"wp-block-media-text__content\">\n<h2 class=\"wp-block-heading has-purple-color has-text-color has-link-color wp-elements-4cbab2e0f55e39e82e731fe0b044dcaa\">Renseignements sur l\u2019inscription et les tarifs<\/h2>\n\n\n\n<p class=\"has-black-color has-text-color has-link-color wp-elements-43307b2997801b1d05c1bdcb9fa9e4e0\">Inscrivez-vous d\u00e8s aujourd&rsquo;hui en tant qu&rsquo;individu ou en tant que membre d&rsquo;une \u00e9quipe et commencez \u00e0 recueillir des fonds pour aider le CHEO. L&rsquo;inscription est gratuite si vous amassez plus d&rsquo;un certain montant!<\/p>\n\n\n\n<div class=\"wp-block-buttons is-layout-flex wp-block-buttons-is-layout-flex\">\n<div class=\"wp-block-button\"><a class=\"wp-block-button__link wp-element-button\" href=\"https:\/\/cheofoundation.donordrive.com\/?fuseaction=register.start&amp;eventID=824&amp;language=fr\" target=\"_blank\" rel=\"noreferrer noopener\">Inscrivez-vous d\u00e8s aujourd&rsquo;hui<\/a><\/div>\n<\/div>\n<\/div><figure class=\"wp-block-media-text__media\"><img loading=\"lazy\" decoding=\"async\" width=\"1320\" height=\"881\" src=\"https:\/\/cncycle.cheofoundation.com\/wp-content\/uploads\/sites\/2\/2024\/12\/team-1320x881.jpg\" alt=\"\" class=\"wp-image-146 size-full\" srcset=\"https:\/\/cncycle.cheofoundation.com\/wp-content\/uploads\/sites\/2\/2024\/12\/team-1320x881.jpg 1320w, https:\/\/cncycle.cheofoundation.com\/wp-content\/uploads\/sites\/2\/2024\/12\/team-660x441.jpg 660w, https:\/\/cncycle.cheofoundation.com\/wp-content\/uploads\/sites\/2\/2024\/12\/team-768x513.jpg 768w, https:\/\/cncycle.cheofoundation.com\/wp-content\/uploads\/sites\/2\/2024\/12\/team-1536x1025.jpg 1536w, https:\/\/cncycle.cheofoundation.com\/wp-content\/uploads\/sites\/2\/2024\/12\/team-2048x1367.jpg 2048w\" sizes=\"auto, (max-width: 1320px) 100vw, 1320px\" \/><\/figure><\/div>\n\n\n\n<figure class=\"wp-block-table pricing-table\"><table class=\"has-fixed-layout\"><thead><tr><th>\u00c9v\u00e9nement<\/th><th><img loading=\"lazy\" decoding=\"async\" width=\"65\" height=\"65\" class=\"wp-image-803\" style=\"width: 65px;\" src=\"https:\/\/cncycle.cheofoundation.com\/wp-content\/uploads\/sites\/2\/2025\/02\/icon-bike.png\" alt=\"\">Enfant<\/th><th><img loading=\"lazy\" decoding=\"async\" width=\"65\" height=\"65\" class=\"wp-image-799\" style=\"width: 65px;\" src=\"https:\/\/cncycle.cheofoundation.com\/wp-content\/uploads\/sites\/2\/2025\/02\/icon-bike-adult.png\" alt=\"\">Adulte<\/th><th><img loading=\"lazy\" decoding=\"async\" width=\"65\" height=\"65\" class=\"wp-image-801\" style=\"width: 65px;\" src=\"https:\/\/cncycle.cheofoundation.com\/wp-content\/uploads\/sites\/2\/2025\/02\/icon-100k.png\" alt=\"\">Adulte &#8211; 100 km<\/th><\/tr><\/thead><tbody><tr><td><strong>H\u00e2tive<\/strong><\/td><td>25 $<\/td><td>65 $<\/td><td>160 $<\/td><\/tr><tr><td><strong>R\u00e9guli\u00e8re<\/strong><\/td><td>30 $<\/td><td>75 $<\/td><td>185 $<\/td><\/tr><tr><td><strong>Inscription gratuite<\/strong><\/td><td>Amasser 40 $+<\/td><td>Amasser 90 $+<\/td><td>Amasser 200 $+<\/td><\/tr><\/tbody><\/table><figcaption class=\"wp-element-caption\">Tarifs<\/figcaption><\/figure>\n\n\n\n<div style=\"height:50px\" aria-hidden=\"true\" class=\"wp-block-spacer\"><\/div>\n\n\n\n<div class=\"wp-block-media-text is-stacked-on-mobile\"><figure class=\"wp-block-media-text__media\"><img loading=\"lazy\" decoding=\"async\" width=\"864\" height=\"576\" src=\"https:\/\/cncycle.cheofoundation.com\/wp-content\/uploads\/sites\/2\/2026\/02\/cnc2026-dream_team.jpg\" alt=\"\" class=\"wp-image-1721 size-full\" srcset=\"https:\/\/cncycle.cheofoundation.com\/wp-content\/uploads\/sites\/2\/2026\/02\/cnc2026-dream_team.jpg 864w, https:\/\/cncycle.cheofoundation.com\/wp-content\/uploads\/sites\/2\/2026\/02\/cnc2026-dream_team-660x440.jpg 660w, https:\/\/cncycle.cheofoundation.com\/wp-content\/uploads\/sites\/2\/2026\/02\/cnc2026-dream_team-768x512.jpg 768w\" sizes=\"auto, (max-width: 864px) 100vw, 864px\" \/><\/figure><div class=\"wp-block-media-text__content\">\n<h2 class=\"wp-block-heading has-purple-color has-text-color has-link-color wp-elements-7448664136f33cd572affc807ab950da\">\u00c9quipe de r\u00eave McDonald\u2019s 2026<\/h2>\n\n\n\n<p class=\"has-black-color has-text-color has-link-color wp-elements-7b15369e736e9620380f7f006b175984\">Silas, Aoife and Lucy surmontent beaucoup de d\u00e9fis! Lisez leurs histoires ici, et roulez pour appuyer davantage d\u2019enfants et d\u2019adolescents comme eux.<\/p>\n\n\n\n<div class=\"wp-block-buttons is-layout-flex wp-block-buttons-is-layout-flex\">\n<div class=\"wp-block-button\"><a class=\"wp-block-button__link wp-element-button\" href=\"https:\/\/cncycle.cheofoundation.com\/fr\/a-propos\/equipe-reve-mcdonalds\/\">Faites la connaissance des enfants<\/a><\/div>\n<\/div>\n<\/div><\/div>\n\n\n\n<div class=\"wp-block-cover alignfull gradient-cta event-sponsors\"><span aria-hidden=\"true\" class=\"wp-block-cover__background has-background-dim-100 has-background-dim has-background-gradient\" style=\"background:linear-gradient(1deg,rgb(237,28,38) 0%,rgb(121,41,129) 76%)\"><\/span><div class=\"wp-block-cover__inner-container is-layout-constrained wp-block-cover-is-layout-constrained\">\n<div class=\"wp-block-columns is-layout-flex wp-container-core-columns-is-layout-28f84493 wp-block-columns-is-layout-flex\">\n<div class=\"wp-block-column is-layout-flow wp-block-column-is-layout-flow\" style=\"padding-right:var(--wp--preset--spacing--80);flex-basis:40%\">\n<h2 class=\"wp-block-heading\" style=\"font-size:90px\"><strong>Commanditaires<\/strong><br>de l\u2019\u00e9v\u00e9nement<\/h2>\n\n\n\n<p class=\"has-x-large-font-size\">Gr\u00e2ce \u00e0 la g\u00e9n\u00e9rosit\u00e9 de ses commanditaires, le CHEO offre aux patients les traitements d\u2019oncologie et la recherche de pointe dont ils ont besoin et qu\u2019ils m\u00e9ritent.<\/p>\n\n\n\n<div class=\"wp-block-buttons is-layout-flex wp-block-buttons-is-layout-flex\" style=\"margin-top:var(--wp--preset--spacing--60);margin-bottom:0\">\n<div class=\"wp-block-button\"><a class=\"wp-block-button__link wp-element-button\" href=\"https:\/\/cncycle.cheofoundation.com\/fr\/a-propos\/commanditaires\/\">Commanditaire principal<\/a><\/div>\n<\/div>\n<\/div>\n\n\n\n<div class=\"wp-block-column is-layout-flow wp-block-column-is-layout-flow\" style=\"flex-basis:60%\">\n<h3 class=\"wp-block-heading\">Commanditaire principal<\/h3>\n\n\n\n<figure class=\"wp-block-image size-full is-resized\"><img decoding=\"async\" src=\"https:\/\/cncycle.cheofoundation.com\/wp-content\/uploads\/sites\/2\/2024\/11\/CN-Logo-1.svg\" alt=\"\" class=\"wp-image-114\" style=\"width:255px\"\/><\/figure>\n\n\n\n<div style=\"height:40px\" aria-hidden=\"true\" class=\"wp-block-spacer\"><\/div>\n\n\n\n<h3 class=\"wp-block-heading\">Commanditaires majeurs<\/h3>\n\n\n\n<div class=\"wp-block-columns is-layout-flex wp-container-core-columns-is-layout-28f84493 wp-block-columns-is-layout-flex\">\n<div class=\"wp-block-column is-layout-flow wp-block-column-is-layout-flow\" style=\"flex-basis:92px\">\n<figure class=\"wp-block-image size-full is-resized\"><img loading=\"lazy\" decoding=\"async\" width=\"300\" height=\"269\" src=\"https:\/\/cncycle.cheofoundation.com\/wp-content\/uploads\/sites\/2\/2024\/12\/Ericsson-logo.png\" alt=\"\" class=\"wp-image-261\" style=\"width:74px\"\/><\/figure>\n<\/div>\n\n\n\n<div class=\"wp-block-column is-layout-flow wp-block-column-is-layout-flow\" style=\"flex-basis:180px\">\n<figure class=\"wp-block-image size-full is-resized\"><img decoding=\"async\" src=\"https:\/\/cncycle.cheofoundation.com\/wp-content\/uploads\/sites\/2\/2025\/02\/National-bank-French-Inverted.png\" alt=\"\" class=\"wp-image-263\" style=\"width:146px\"\/><\/figure>\n<\/div>\n\n\n\n<div class=\"wp-block-column is-layout-flow wp-block-column-is-layout-flow\" style=\"flex-basis:138px\">\n<figure class=\"wp-block-image size-full is-resized\"><img loading=\"lazy\" decoding=\"async\" width=\"300\" height=\"106\" src=\"https:\/\/cncycle.cheofoundation.com\/wp-content\/uploads\/sites\/2\/2024\/12\/feeley-group.png\" alt=\"\" class=\"wp-image-267\" style=\"width:112px\"\/><\/figure>\n<\/div>\n\n\n\n<div class=\"wp-block-column is-layout-flow wp-block-column-is-layout-flow\" style=\"flex-basis:97px\">\n<figure class=\"wp-block-image size-full is-resized\"><img loading=\"lazy\" decoding=\"async\" width=\"600\" height=\"309\" src=\"https:\/\/cncycle.cheofoundation.com\/wp-content\/uploads\/sites\/2\/2026\/02\/Lincoln_Heights_Ford_logo_W.png\" alt=\"\" class=\"wp-image-1711\" style=\"width:100px\"\/><\/figure>\n<\/div>\n\n\n\n<div class=\"wp-block-column is-layout-flow wp-block-column-is-layout-flow\" style=\"flex-basis:85px\">\n<figure class=\"wp-block-image size-full is-resized\"><img loading=\"lazy\" decoding=\"async\" width=\"300\" height=\"284\" src=\"https:\/\/cncycle.cheofoundation.com\/wp-content\/uploads\/sites\/2\/2024\/12\/McDonalds.png\" alt=\"\" class=\"wp-image-271\" style=\"width:70px\"\/><\/figure>\n<\/div>\n<\/div>\n<\/div>\n<\/div>\n<\/div><\/div>\n","protected":false},"excerpt":{"rendered":"<p>\u00c9v\u00e9nement Enfant Adulte Adulte &#8211; 100 km H\u00e2tive 25 $ 65 $ 160 $ R\u00e9guli\u00e8re 30 $ 75 $ 185 $ Inscription gratuite Amasser 40 $+ Amasser 90 $+ Amasser 200 $+ Tarifs<\/p>\n","protected":false},"author":1,"featured_media":243,"parent":0,"menu_order":2,"comment_status":"closed","ping_status":"closed","template":"","meta":{"footnotes":""},"class_list":["post-291","page","type-page","status-publish","has-post-thumbnail","hentry"],"yoast_head":"<!-- This site is optimized with the Yoast SEO plugin v27.5 - https:\/\/yoast.com\/product\/yoast-seo-wordpress\/ -->\n<title>CN Cycle for CHEO | Evenement<\/title>\n<meta name=\"description\" content=\"Joignez-vous au D\u00e9fi CN pour le CHEO, et aidez \u00e0 amasser des fonds pour les soins et la recherche en oncologie p\u00e9diatrique. Inscrivez-vous d\u00e8s maintenant \u00e0 cet \u00e9v\u00e9nement amusant et non comp\u00e9titif!\" \/>\n<meta name=\"robots\" content=\"index, follow, max-snippet:-1, max-image-preview:large, max-video-preview:-1\" \/>\n<link rel=\"canonical\" href=\"https:\/\/cncycle.cheofoundation.com\/fr\/evenement\/\" \/>\n<meta property=\"og:locale\" content=\"fr_FR\" \/>\n<meta property=\"og:type\" content=\"article\" \/>\n<meta property=\"og:title\" content=\"CN Cycle for CHEO | Evenement\" \/>\n<meta property=\"og:description\" content=\"Joignez-vous au D\u00e9fi CN pour le CHEO, et aidez \u00e0 amasser des fonds pour les soins et la recherche en oncologie p\u00e9diatrique. Inscrivez-vous d\u00e8s maintenant \u00e0 cet \u00e9v\u00e9nement amusant et non comp\u00e9titif!\" \/>\n<meta property=\"og:url\" content=\"https:\/\/cncycle.cheofoundation.com\/fr\/evenement\/\" \/>\n<meta property=\"og:site_name\" content=\"CN Cycle for CHEO\" \/>\n<meta property=\"article:publisher\" content=\"https:\/\/www.facebook.com\/CHEOkids\/\" \/>\n<meta property=\"article:modified_time\" content=\"2026-02-11T22:15:46+00:00\" \/>\n<meta property=\"og:image\" content=\"https:\/\/cncycle.cheofoundation.com\/wp-content\/uploads\/sites\/2\/2024\/12\/Event-header-1320x458.jpg\" \/>\n\t<meta property=\"og:image:width\" content=\"1320\" \/>\n\t<meta property=\"og:image:height\" content=\"458\" \/>\n\t<meta property=\"og:image:type\" content=\"image\/jpeg\" \/>\n<meta name=\"twitter:card\" content=\"summary_large_image\" \/>\n<meta name=\"twitter:label1\" content=\"Est. reading time\" \/>\n\t<meta name=\"twitter:data1\" content=\"4 minutes\" \/>\n<script type=\"application\/ld+json\" class=\"yoast-schema-graph\">{\"@context\":\"https:\\\/\\\/schema.org\",\"@graph\":[{\"@type\":\"WebPage\",\"@id\":\"https:\\\/\\\/cncycle.cheofoundation.com\\\/fr\\\/evenement\\\/\",\"url\":\"https:\\\/\\\/cncycle.cheofoundation.com\\\/fr\\\/evenement\\\/\",\"name\":\"CN Cycle for CHEO | Evenement\",\"isPartOf\":{\"@id\":\"https:\\\/\\\/cncycle.cheofoundation.com\\\/fr\\\/#website\"},\"primaryImageOfPage\":{\"@id\":\"https:\\\/\\\/cncycle.cheofoundation.com\\\/fr\\\/evenement\\\/#primaryimage\"},\"image\":{\"@id\":\"https:\\\/\\\/cncycle.cheofoundation.com\\\/fr\\\/evenement\\\/#primaryimage\"},\"thumbnailUrl\":\"https:\\\/\\\/cncycle.cheofoundation.com\\\/wp-content\\\/uploads\\\/sites\\\/2\\\/2024\\\/12\\\/Event-header.jpg\",\"datePublished\":\"2024-11-21T20:19:18+00:00\",\"dateModified\":\"2026-02-11T22:15:46+00:00\",\"description\":\"Joignez-vous au D\u00e9fi CN pour le CHEO, et aidez \u00e0 amasser des fonds pour les soins et la recherche en oncologie p\u00e9diatrique. Inscrivez-vous d\u00e8s maintenant \u00e0 cet \u00e9v\u00e9nement amusant et non comp\u00e9titif!\",\"breadcrumb\":{\"@id\":\"https:\\\/\\\/cncycle.cheofoundation.com\\\/fr\\\/evenement\\\/#breadcrumb\"},\"inLanguage\":\"fr-FR\",\"potentialAction\":[{\"@type\":\"ReadAction\",\"target\":[\"https:\\\/\\\/cncycle.cheofoundation.com\\\/fr\\\/evenement\\\/\"]}]},{\"@type\":\"ImageObject\",\"inLanguage\":\"fr-FR\",\"@id\":\"https:\\\/\\\/cncycle.cheofoundation.com\\\/fr\\\/evenement\\\/#primaryimage\",\"url\":\"https:\\\/\\\/cncycle.cheofoundation.com\\\/wp-content\\\/uploads\\\/sites\\\/2\\\/2024\\\/12\\\/Event-header.jpg\",\"contentUrl\":\"https:\\\/\\\/cncycle.cheofoundation.com\\\/wp-content\\\/uploads\\\/sites\\\/2\\\/2024\\\/12\\\/Event-header.jpg\",\"width\":2400,\"height\":832},{\"@type\":\"BreadcrumbList\",\"@id\":\"https:\\\/\\\/cncycle.cheofoundation.com\\\/fr\\\/evenement\\\/#breadcrumb\",\"itemListElement\":[{\"@type\":\"ListItem\",\"position\":1,\"name\":\"Home\",\"item\":\"https:\\\/\\\/cncycle.cheofoundation.com\\\/fr\\\/\"},{\"@type\":\"ListItem\",\"position\":2,\"name\":\"Le D\u00e9fi CN pour le CHEO\"}]},{\"@type\":\"WebSite\",\"@id\":\"https:\\\/\\\/cncycle.cheofoundation.com\\\/fr\\\/#website\",\"url\":\"https:\\\/\\\/cncycle.cheofoundation.com\\\/fr\\\/\",\"name\":\"CN Cycle for CHEO\",\"description\":\"\",\"publisher\":{\"@id\":\"https:\\\/\\\/cncycle.cheofoundation.com\\\/fr\\\/#organization\"},\"potentialAction\":[{\"@type\":\"SearchAction\",\"target\":{\"@type\":\"EntryPoint\",\"urlTemplate\":\"https:\\\/\\\/cncycle.cheofoundation.com\\\/fr\\\/?s={search_term_string}\"},\"query-input\":{\"@type\":\"PropertyValueSpecification\",\"valueRequired\":true,\"valueName\":\"search_term_string\"}}],\"inLanguage\":\"fr-FR\"},{\"@type\":\"Organization\",\"@id\":\"https:\\\/\\\/cncycle.cheofoundation.com\\\/fr\\\/#organization\",\"name\":\"CN Cycle for CHEO\",\"url\":\"https:\\\/\\\/cncycle.cheofoundation.com\\\/fr\\\/\",\"logo\":{\"@type\":\"ImageObject\",\"inLanguage\":\"fr-FR\",\"@id\":\"https:\\\/\\\/cncycle.cheofoundation.com\\\/fr\\\/#\\\/schema\\\/logo\\\/image\\\/\",\"url\":\"https:\\\/\\\/cncycle.cheofoundation.com\\\/wp-content\\\/uploads\\\/sites\\\/2\\\/2025\\\/02\\\/CN-cycle-stacked.png\",\"contentUrl\":\"https:\\\/\\\/cncycle.cheofoundation.com\\\/wp-content\\\/uploads\\\/sites\\\/2\\\/2025\\\/02\\\/CN-cycle-stacked.png\",\"width\":648,\"height\":489,\"caption\":\"CN Cycle for CHEO\"},\"image\":{\"@id\":\"https:\\\/\\\/cncycle.cheofoundation.com\\\/fr\\\/#\\\/schema\\\/logo\\\/image\\\/\"},\"sameAs\":[\"https:\\\/\\\/www.facebook.com\\\/CHEOkids\\\/\",\"https:\\\/\\\/www.youtube.com\\\/user\\\/CHEOvideos\",\"https:\\\/\\\/www.linkedin.com\\\/company\\\/cheo-ottawa\\\/\",\"https:\\\/\\\/www.instagram.com\\\/cheohospital\\\/\"]}]}<\/script>\n<!-- \/ Yoast SEO plugin. -->","yoast_head_json":{"title":"CN Cycle for CHEO | Evenement","description":"Joignez-vous au D\u00e9fi CN pour le CHEO, et aidez \u00e0 amasser des fonds pour les soins et la recherche en oncologie p\u00e9diatrique. Inscrivez-vous d\u00e8s maintenant \u00e0 cet \u00e9v\u00e9nement amusant et non comp\u00e9titif!","robots":{"index":"index","follow":"follow","max-snippet":"max-snippet:-1","max-image-preview":"max-image-preview:large","max-video-preview":"max-video-preview:-1"},"canonical":"https:\/\/cncycle.cheofoundation.com\/fr\/evenement\/","og_locale":"fr_FR","og_type":"article","og_title":"CN Cycle for CHEO | Evenement","og_description":"Joignez-vous au D\u00e9fi CN pour le CHEO, et aidez \u00e0 amasser des fonds pour les soins et la recherche en oncologie p\u00e9diatrique. Inscrivez-vous d\u00e8s maintenant \u00e0 cet \u00e9v\u00e9nement amusant et non comp\u00e9titif!","og_url":"https:\/\/cncycle.cheofoundation.com\/fr\/evenement\/","og_site_name":"CN Cycle for CHEO","article_publisher":"https:\/\/www.facebook.com\/CHEOkids\/","article_modified_time":"2026-02-11T22:15:46+00:00","og_image":[{"width":1320,"height":458,"url":"https:\/\/cncycle.cheofoundation.com\/wp-content\/uploads\/sites\/2\/2024\/12\/Event-header-1320x458.jpg","type":"image\/jpeg"}],"twitter_card":"summary_large_image","twitter_misc":{"Est. reading time":"4 minutes"},"schema":{"@context":"https:\/\/schema.org","@graph":[{"@type":"WebPage","@id":"https:\/\/cncycle.cheofoundation.com\/fr\/evenement\/","url":"https:\/\/cncycle.cheofoundation.com\/fr\/evenement\/","name":"CN Cycle for CHEO | Evenement","isPartOf":{"@id":"https:\/\/cncycle.cheofoundation.com\/fr\/#website"},"primaryImageOfPage":{"@id":"https:\/\/cncycle.cheofoundation.com\/fr\/evenement\/#primaryimage"},"image":{"@id":"https:\/\/cncycle.cheofoundation.com\/fr\/evenement\/#primaryimage"},"thumbnailUrl":"https:\/\/cncycle.cheofoundation.com\/wp-content\/uploads\/sites\/2\/2024\/12\/Event-header.jpg","datePublished":"2024-11-21T20:19:18+00:00","dateModified":"2026-02-11T22:15:46+00:00","description":"Joignez-vous au D\u00e9fi CN pour le CHEO, et aidez \u00e0 amasser des fonds pour les soins et la recherche en oncologie p\u00e9diatrique. Inscrivez-vous d\u00e8s maintenant \u00e0 cet \u00e9v\u00e9nement amusant et non comp\u00e9titif!","breadcrumb":{"@id":"https:\/\/cncycle.cheofoundation.com\/fr\/evenement\/#breadcrumb"},"inLanguage":"fr-FR","potentialAction":[{"@type":"ReadAction","target":["https:\/\/cncycle.cheofoundation.com\/fr\/evenement\/"]}]},{"@type":"ImageObject","inLanguage":"fr-FR","@id":"https:\/\/cncycle.cheofoundation.com\/fr\/evenement\/#primaryimage","url":"https:\/\/cncycle.cheofoundation.com\/wp-content\/uploads\/sites\/2\/2024\/12\/Event-header.jpg","contentUrl":"https:\/\/cncycle.cheofoundation.com\/wp-content\/uploads\/sites\/2\/2024\/12\/Event-header.jpg","width":2400,"height":832},{"@type":"BreadcrumbList","@id":"https:\/\/cncycle.cheofoundation.com\/fr\/evenement\/#breadcrumb","itemListElement":[{"@type":"ListItem","position":1,"name":"Home","item":"https:\/\/cncycle.cheofoundation.com\/fr\/"},{"@type":"ListItem","position":2,"name":"Le D\u00e9fi CN pour le CHEO"}]},{"@type":"WebSite","@id":"https:\/\/cncycle.cheofoundation.com\/fr\/#website","url":"https:\/\/cncycle.cheofoundation.com\/fr\/","name":"CN Cycle for CHEO","description":"","publisher":{"@id":"https:\/\/cncycle.cheofoundation.com\/fr\/#organization"},"potentialAction":[{"@type":"SearchAction","target":{"@type":"EntryPoint","urlTemplate":"https:\/\/cncycle.cheofoundation.com\/fr\/?s={search_term_string}"},"query-input":{"@type":"PropertyValueSpecification","valueRequired":true,"valueName":"search_term_string"}}],"inLanguage":"fr-FR"},{"@type":"Organization","@id":"https:\/\/cncycle.cheofoundation.com\/fr\/#organization","name":"CN Cycle for CHEO","url":"https:\/\/cncycle.cheofoundation.com\/fr\/","logo":{"@type":"ImageObject","inLanguage":"fr-FR","@id":"https:\/\/cncycle.cheofoundation.com\/fr\/#\/schema\/logo\/image\/","url":"https:\/\/cncycle.cheofoundation.com\/wp-content\/uploads\/sites\/2\/2025\/02\/CN-cycle-stacked.png","contentUrl":"https:\/\/cncycle.cheofoundation.com\/wp-content\/uploads\/sites\/2\/2025\/02\/CN-cycle-stacked.png","width":648,"height":489,"caption":"CN Cycle for CHEO"},"image":{"@id":"https:\/\/cncycle.cheofoundation.com\/fr\/#\/schema\/logo\/image\/"},"sameAs":["https:\/\/www.facebook.com\/CHEOkids\/","https:\/\/www.youtube.com\/user\/CHEOvideos","https:\/\/www.linkedin.com\/company\/cheo-ottawa\/","https:\/\/www.instagram.com\/cheohospital\/"]}]}},"_links":{"self":[{"href":"https:\/\/cncycle.cheofoundation.com\/fr\/wp-json\/wp\/v2\/pages\/291","targetHints":{"allow":["GET"]}}],"collection":[{"href":"https:\/\/cncycle.cheofoundation.com\/fr\/wp-json\/wp\/v2\/pages"}],"about":[{"href":"https:\/\/cncycle.cheofoundation.com\/fr\/wp-json\/wp\/v2\/types\/page"}],"author":[{"embeddable":true,"href":"https:\/\/cncycle.cheofoundation.com\/fr\/wp-json\/wp\/v2\/users\/1"}],"replies":[{"embeddable":true,"href":"https:\/\/cncycle.cheofoundation.com\/fr\/wp-json\/wp\/v2\/comments?post=291"}],"version-history":[{"count":0,"href":"https:\/\/cncycle.cheofoundation.com\/fr\/wp-json\/wp\/v2\/pages\/291\/revisions"}],"wp:featuredmedia":[{"embeddable":true,"href":"https:\/\/cncycle.cheofoundation.com\/fr\/wp-json\/wp\/v2\/media\/243"}],"wp:attachment":[{"href":"https:\/\/cncycle.cheofoundation.com\/fr\/wp-json\/wp\/v2\/media?parent=291"}],"curies":[{"name":"wp","href":"https:\/\/api.w.org\/{rel}","templated":true}]}}