{"id":474,"date":"2024-11-21T15:19:31","date_gmt":"2024-11-21T20:19:31","guid":{"rendered":"https:\/\/cncycle.cheofoundation.com\/about\/"},"modified":"2026-02-11T15:15:15","modified_gmt":"2026-02-11T20:15:15","slug":"a-propos","status":"publish","type":"page","link":"https:\/\/cncycle.cheofoundation.com\/fr\/a-propos\/","title":{"rendered":"\u00c0 propos"},"content":{"rendered":"\n<div class=\"wp-block-media-text is-stacked-on-mobile\"><figure class=\"wp-block-media-text__media\"><img loading=\"lazy\" decoding=\"async\" width=\"996\" height=\"710\" src=\"https:\/\/cncycle.cheofoundation.com\/wp-content\/uploads\/sites\/2\/2024\/12\/About-CHEO.png\" alt=\"\" class=\"wp-image-257 size-full\" srcset=\"https:\/\/cncycle.cheofoundation.com\/wp-content\/uploads\/sites\/2\/2024\/12\/About-CHEO.png 996w, https:\/\/cncycle.cheofoundation.com\/wp-content\/uploads\/sites\/2\/2024\/12\/About-CHEO-660x470.png 660w, https:\/\/cncycle.cheofoundation.com\/wp-content\/uploads\/sites\/2\/2024\/12\/About-CHEO-768x547.png 768w\" sizes=\"auto, (max-width: 996px) 100vw, 996px\" \/><\/figure><div class=\"wp-block-media-text__content\">\n<div class=\"wp-block-group a11y-link is-layout-constrained wp-block-group-is-layout-constrained\">\n<h2 class=\"wp-block-heading include-with-link has-purple-color has-text-color has-link-color wp-elements-24eb3aeb6f3066daffe771c38af0e0dc\">Transformer les soins p\u00e9diatriques<\/h2>\n\n\n\n<p class=\"has-black-color has-text-color has-link-color wp-elements-c923d7606bdc31d915c42f87e14383c1\">Le CHEO est un chef de file innovateur dans la recherche de meilleures options de traitement pour nos jeunes patients en oncologie. Gr\u00e2ce \u00e0 votre aide et aux fonds amass\u00e9s lors d&rsquo;\u00e9v\u00e9nements comme le D\u00e9fi CN pour le CHEO, les enfants et les adolescents peuvent vivre moins d&rsquo;effets \u00e0 long terme de leurs traitements et redevenir des enfants plus rapidement. <\/p>\n\n\n\n<div class=\"wp-block-buttons is-layout-flex wp-block-buttons-is-layout-flex\">\n<div class=\"wp-block-button append-link-text\"><a class=\"wp-block-button__link wp-element-button\" href=\"https:\/\/cncycle.cheofoundation.com\/fr\/a-propos\/impact\/\">En savoir davantage<\/a><\/div>\n<\/div>\n<\/div>\n<\/div><\/div>\n\n\n\n<div style=\"height:24px\" aria-hidden=\"true\" class=\"wp-block-spacer\"><\/div>\n\n\n\n<div class=\"wp-block-media-text has-media-on-the-right is-stacked-on-mobile\"><div class=\"wp-block-media-text__content\">\n<h2 class=\"wp-block-heading has-purple-color has-text-color has-link-color wp-elements-5aaad51a38278ad3d0d5c828c985acae\">Faites la connaissance de l\u2019\u00c9quipe de r\u00eave McDonald\u2019s 2026!<\/h2>\n\n\n\n<p class=\"has-black-color has-text-color has-link-color wp-elements-80d272f725f5137f29d0a7480308d110\">Silas, Aoife et Lucy surmontent beaucoup de d\u00e9fis! Lisez leurs histoires ici, et roulez pour appuyer davantage d\u2019enfants et d\u2019adolescents comme eux.<\/p>\n\n\n\n<div class=\"wp-block-buttons is-layout-flex wp-block-buttons-is-layout-flex\">\n<div class=\"wp-block-button\"><a class=\"wp-block-button__link wp-element-button\" href=\"https:\/\/cncycle.cheofoundation.com\/fr\/a-propos\/equipe-reve-mcdonalds\/\">Faites la connaissance des enfants<\/a><\/div>\n<\/div>\n<\/div><figure class=\"wp-block-media-text__media\"><img loading=\"lazy\" decoding=\"async\" width=\"864\" height=\"576\" src=\"https:\/\/cncycle.cheofoundation.com\/wp-content\/uploads\/sites\/2\/2026\/02\/cnc2026-dream_team.jpg\" alt=\"\" class=\"wp-image-1721 size-full\" srcset=\"https:\/\/cncycle.cheofoundation.com\/wp-content\/uploads\/sites\/2\/2026\/02\/cnc2026-dream_team.jpg 864w, https:\/\/cncycle.cheofoundation.com\/wp-content\/uploads\/sites\/2\/2026\/02\/cnc2026-dream_team-660x440.jpg 660w, https:\/\/cncycle.cheofoundation.com\/wp-content\/uploads\/sites\/2\/2026\/02\/cnc2026-dream_team-768x512.jpg 768w\" sizes=\"auto, (max-width: 864px) 100vw, 864px\" \/><\/figure><\/div>\n\n\n\n<div class=\"wp-block-cover alignfull gradient-cta event-sponsors\"><span aria-hidden=\"true\" class=\"wp-block-cover__background has-background-dim-100 has-background-dim has-background-gradient\" style=\"background:linear-gradient(1deg,rgb(237,28,38) 0%,rgb(121,41,129) 76%)\"><\/span><div class=\"wp-block-cover__inner-container is-layout-constrained wp-block-cover-is-layout-constrained\">\n<div class=\"wp-block-columns is-layout-flex wp-container-core-columns-is-layout-28f84493 wp-block-columns-is-layout-flex\">\n<div class=\"wp-block-column is-layout-flow wp-block-column-is-layout-flow\" style=\"padding-right:var(--wp--preset--spacing--80);flex-basis:40%\">\n<h2 class=\"wp-block-heading\" style=\"font-size:90px\"><strong>Commanditaires<\/strong><br>de l\u2019\u00e9v\u00e9nement<\/h2>\n\n\n\n<p class=\"has-x-large-font-size\">Gr\u00e2ce \u00e0 la g\u00e9n\u00e9rosit\u00e9 de ses commanditaires, le CHEO offre aux patients les traitements d\u2019oncologie et la recherche de pointe dont ils ont besoin et qu\u2019ils m\u00e9ritent.<\/p>\n\n\n\n<div class=\"wp-block-buttons is-layout-flex wp-block-buttons-is-layout-flex\" style=\"margin-top:var(--wp--preset--spacing--60);margin-bottom:0\">\n<div class=\"wp-block-button\"><a class=\"wp-block-button__link wp-element-button\" href=\"https:\/\/cncycle.cheofoundation.com\/fr\/a-propos\/commanditaires\/\">Tous les commanditaires<\/a><\/div>\n<\/div>\n<\/div>\n\n\n\n<div class=\"wp-block-column is-layout-flow wp-block-column-is-layout-flow\" style=\"flex-basis:60%\">\n<h3 class=\"wp-block-heading\">Commanditaire principal<\/h3>\n\n\n\n<figure class=\"wp-block-image size-full is-resized\"><img decoding=\"async\" src=\"https:\/\/cncycle.cheofoundation.com\/wp-content\/uploads\/sites\/2\/2024\/11\/CN-Logo-1.svg\" alt=\"\" class=\"wp-image-114\" style=\"width:255px\"\/><\/figure>\n\n\n\n<div style=\"height:40px\" aria-hidden=\"true\" class=\"wp-block-spacer\"><\/div>\n\n\n\n<h3 class=\"wp-block-heading\">Commanditaires majeurs<\/h3>\n\n\n\n<div class=\"wp-block-columns is-layout-flex wp-container-core-columns-is-layout-28f84493 wp-block-columns-is-layout-flex\">\n<div class=\"wp-block-column is-layout-flow wp-block-column-is-layout-flow\" style=\"flex-basis:92px\">\n<figure class=\"wp-block-image size-full is-resized\"><img loading=\"lazy\" decoding=\"async\" width=\"300\" height=\"269\" src=\"https:\/\/cncycle.cheofoundation.com\/wp-content\/uploads\/sites\/2\/2024\/12\/Ericsson-logo.png\" alt=\"\" class=\"wp-image-261\" style=\"width:74px\"\/><\/figure>\n<\/div>\n\n\n\n<div class=\"wp-block-column is-layout-flow wp-block-column-is-layout-flow\" style=\"flex-basis:180px\">\n<figure class=\"wp-block-image size-full is-resized\"><img loading=\"lazy\" decoding=\"async\" width=\"691\" height=\"210\" src=\"https:\/\/cncycle.cheofoundation.com\/wp-content\/uploads\/sites\/2\/2025\/02\/National-bank-French-Inverted.png\" alt=\"\" class=\"wp-image-264\" style=\"width:146px\" srcset=\"https:\/\/cncycle.cheofoundation.com\/wp-content\/uploads\/sites\/2\/2025\/02\/National-bank-French-Inverted.png 691w, https:\/\/cncycle.cheofoundation.com\/wp-content\/uploads\/sites\/2\/2025\/02\/National-bank-French-Inverted-660x201.png 660w\" sizes=\"auto, (max-width: 691px) 100vw, 691px\" \/><\/figure>\n<\/div>\n\n\n\n<div class=\"wp-block-column is-layout-flow wp-block-column-is-layout-flow\" style=\"flex-basis:138px\">\n<figure class=\"wp-block-image size-full is-resized\"><img loading=\"lazy\" decoding=\"async\" width=\"300\" height=\"106\" src=\"https:\/\/cncycle.cheofoundation.com\/wp-content\/uploads\/sites\/2\/2024\/12\/feeley-group.png\" alt=\"\" class=\"wp-image-267\" style=\"width:112px\"\/><\/figure>\n<\/div>\n\n\n\n<div class=\"wp-block-column is-layout-flow wp-block-column-is-layout-flow\" style=\"flex-basis:97px\">\n<figure class=\"wp-block-image size-full is-resized\"><img loading=\"lazy\" decoding=\"async\" width=\"600\" height=\"309\" src=\"https:\/\/cncycle.cheofoundation.com\/wp-content\/uploads\/sites\/2\/2026\/02\/Lincoln_Heights_Ford_logo_W.png\" alt=\"\" class=\"wp-image-1711\" style=\"width:100px\"\/><\/figure>\n<\/div>\n\n\n\n<div class=\"wp-block-column is-layout-flow wp-block-column-is-layout-flow\" style=\"flex-basis:85px\">\n<figure class=\"wp-block-image size-full is-resized\"><img loading=\"lazy\" decoding=\"async\" width=\"300\" height=\"284\" src=\"https:\/\/cncycle.cheofoundation.com\/wp-content\/uploads\/sites\/2\/2024\/12\/McDonalds.png\" alt=\"\" class=\"wp-image-271\" style=\"width:70px\"\/><\/figure>\n<\/div>\n<\/div>\n<\/div>\n<\/div>\n<\/div><\/div>\n","protected":false},"excerpt":{"rendered":"","protected":false},"author":1,"featured_media":277,"parent":0,"menu_order":3,"comment_status":"closed","ping_status":"closed","template":"","meta":{"footnotes":""},"class_list":["post-474","page","type-page","status-publish","has-post-thumbnail","hentry"],"yoast_head":"<!-- This site is optimized with the Yoast SEO plugin v27.5 - https:\/\/yoast.com\/product\/yoast-seo-wordpress\/ -->\n<title>CN Cycle for CHEO | \u00c0 propos<\/title>\n<meta name=\"description\" content=\"Apprenez-en davantage sur le D\u00e9fi CN pour le CHEO et sur la fa\u00e7on dont cet \u00e9v\u00e9nement appuie les soins et la recherche en oncologie p\u00e9diatrique. Faites la connaissance de l&#039;\u00c9quipe de r\u00eave McDonald&#039;s 2025, et voyez comment vos contributions ont un impact r\u00e9el sur les patients en oncologie du CHEO.\" \/>\n<meta name=\"robots\" content=\"index, follow, max-snippet:-1, max-image-preview:large, max-video-preview:-1\" \/>\n<link rel=\"canonical\" href=\"https:\/\/cncycle.cheofoundation.com\/fr\/a-propos\/\" \/>\n<meta property=\"og:locale\" content=\"fr_FR\" \/>\n<meta property=\"og:type\" content=\"article\" \/>\n<meta property=\"og:title\" content=\"CN Cycle for CHEO | \u00c0 propos\" \/>\n<meta property=\"og:description\" content=\"Apprenez-en davantage sur le D\u00e9fi CN pour le CHEO et sur la fa\u00e7on dont cet \u00e9v\u00e9nement appuie les soins et la recherche en oncologie p\u00e9diatrique. Faites la connaissance de l&#039;\u00c9quipe de r\u00eave McDonald&#039;s 2025, et voyez comment vos contributions ont un impact r\u00e9el sur les patients en oncologie du CHEO.\" \/>\n<meta property=\"og:url\" content=\"https:\/\/cncycle.cheofoundation.com\/fr\/a-propos\/\" \/>\n<meta property=\"og:site_name\" content=\"CN Cycle for CHEO\" \/>\n<meta property=\"article:publisher\" content=\"https:\/\/www.facebook.com\/CHEOkids\/\" \/>\n<meta property=\"article:modified_time\" content=\"2026-02-11T20:15:15+00:00\" \/>\n<meta property=\"og:image\" content=\"https:\/\/cncycle.cheofoundation.com\/wp-content\/uploads\/sites\/2\/2024\/12\/About.jpg\" \/>\n\t<meta property=\"og:image:width\" content=\"2400\" \/>\n\t<meta property=\"og:image:height\" content=\"1602\" \/>\n\t<meta property=\"og:image:type\" content=\"image\/jpeg\" \/>\n<meta name=\"twitter:card\" content=\"summary_large_image\" \/>\n<meta name=\"twitter:label1\" content=\"Est. reading time\" \/>\n\t<meta name=\"twitter:data1\" content=\"3 minutes\" \/>\n<script type=\"application\/ld+json\" class=\"yoast-schema-graph\">{\"@context\":\"https:\\\/\\\/schema.org\",\"@graph\":[{\"@type\":\"WebPage\",\"@id\":\"https:\\\/\\\/cncycle.cheofoundation.com\\\/fr\\\/a-propos\\\/\",\"url\":\"https:\\\/\\\/cncycle.cheofoundation.com\\\/fr\\\/a-propos\\\/\",\"name\":\"CN Cycle for CHEO | \u00c0 propos\",\"isPartOf\":{\"@id\":\"https:\\\/\\\/cncycle.cheofoundation.com\\\/fr\\\/#website\"},\"primaryImageOfPage\":{\"@id\":\"https:\\\/\\\/cncycle.cheofoundation.com\\\/fr\\\/a-propos\\\/#primaryimage\"},\"image\":{\"@id\":\"https:\\\/\\\/cncycle.cheofoundation.com\\\/fr\\\/a-propos\\\/#primaryimage\"},\"thumbnailUrl\":\"https:\\\/\\\/cncycle.cheofoundation.com\\\/wp-content\\\/uploads\\\/sites\\\/2\\\/2024\\\/12\\\/About.jpg\",\"datePublished\":\"2024-11-21T20:19:31+00:00\",\"dateModified\":\"2026-02-11T20:15:15+00:00\",\"description\":\"Apprenez-en davantage sur le D\u00e9fi CN pour le CHEO et sur la fa\u00e7on dont cet \u00e9v\u00e9nement appuie les soins et la recherche en oncologie p\u00e9diatrique. Faites la connaissance de l'\u00c9quipe de r\u00eave McDonald's 2025, et voyez comment vos contributions ont un impact r\u00e9el sur les patients en oncologie du CHEO.\",\"breadcrumb\":{\"@id\":\"https:\\\/\\\/cncycle.cheofoundation.com\\\/fr\\\/a-propos\\\/#breadcrumb\"},\"inLanguage\":\"fr-FR\",\"potentialAction\":[{\"@type\":\"ReadAction\",\"target\":[\"https:\\\/\\\/cncycle.cheofoundation.com\\\/fr\\\/a-propos\\\/\"]}]},{\"@type\":\"ImageObject\",\"inLanguage\":\"fr-FR\",\"@id\":\"https:\\\/\\\/cncycle.cheofoundation.com\\\/fr\\\/a-propos\\\/#primaryimage\",\"url\":\"https:\\\/\\\/cncycle.cheofoundation.com\\\/wp-content\\\/uploads\\\/sites\\\/2\\\/2024\\\/12\\\/About.jpg\",\"contentUrl\":\"https:\\\/\\\/cncycle.cheofoundation.com\\\/wp-content\\\/uploads\\\/sites\\\/2\\\/2024\\\/12\\\/About.jpg\",\"width\":2400,\"height\":1602},{\"@type\":\"BreadcrumbList\",\"@id\":\"https:\\\/\\\/cncycle.cheofoundation.com\\\/fr\\\/a-propos\\\/#breadcrumb\",\"itemListElement\":[{\"@type\":\"ListItem\",\"position\":1,\"name\":\"Home\",\"item\":\"https:\\\/\\\/cncycle.cheofoundation.com\\\/fr\\\/\"},{\"@type\":\"ListItem\",\"position\":2,\"name\":\"\u00c0 propos\"}]},{\"@type\":\"WebSite\",\"@id\":\"https:\\\/\\\/cncycle.cheofoundation.com\\\/fr\\\/#website\",\"url\":\"https:\\\/\\\/cncycle.cheofoundation.com\\\/fr\\\/\",\"name\":\"CN Cycle for CHEO\",\"description\":\"\",\"publisher\":{\"@id\":\"https:\\\/\\\/cncycle.cheofoundation.com\\\/fr\\\/#organization\"},\"potentialAction\":[{\"@type\":\"SearchAction\",\"target\":{\"@type\":\"EntryPoint\",\"urlTemplate\":\"https:\\\/\\\/cncycle.cheofoundation.com\\\/fr\\\/?s={search_term_string}\"},\"query-input\":{\"@type\":\"PropertyValueSpecification\",\"valueRequired\":true,\"valueName\":\"search_term_string\"}}],\"inLanguage\":\"fr-FR\"},{\"@type\":\"Organization\",\"@id\":\"https:\\\/\\\/cncycle.cheofoundation.com\\\/fr\\\/#organization\",\"name\":\"CN Cycle for CHEO\",\"url\":\"https:\\\/\\\/cncycle.cheofoundation.com\\\/fr\\\/\",\"logo\":{\"@type\":\"ImageObject\",\"inLanguage\":\"fr-FR\",\"@id\":\"https:\\\/\\\/cncycle.cheofoundation.com\\\/fr\\\/#\\\/schema\\\/logo\\\/image\\\/\",\"url\":\"https:\\\/\\\/cncycle.cheofoundation.com\\\/wp-content\\\/uploads\\\/sites\\\/2\\\/2025\\\/02\\\/CN-cycle-stacked.png\",\"contentUrl\":\"https:\\\/\\\/cncycle.cheofoundation.com\\\/wp-content\\\/uploads\\\/sites\\\/2\\\/2025\\\/02\\\/CN-cycle-stacked.png\",\"width\":648,\"height\":489,\"caption\":\"CN Cycle for CHEO\"},\"image\":{\"@id\":\"https:\\\/\\\/cncycle.cheofoundation.com\\\/fr\\\/#\\\/schema\\\/logo\\\/image\\\/\"},\"sameAs\":[\"https:\\\/\\\/www.facebook.com\\\/CHEOkids\\\/\",\"https:\\\/\\\/www.youtube.com\\\/user\\\/CHEOvideos\",\"https:\\\/\\\/www.linkedin.com\\\/company\\\/cheo-ottawa\\\/\",\"https:\\\/\\\/www.instagram.com\\\/cheohospital\\\/\"]}]}<\/script>\n<!-- \/ Yoast SEO plugin. -->","yoast_head_json":{"title":"CN Cycle for CHEO | \u00c0 propos","description":"Apprenez-en davantage sur le D\u00e9fi CN pour le CHEO et sur la fa\u00e7on dont cet \u00e9v\u00e9nement appuie les soins et la recherche en oncologie p\u00e9diatrique. Faites la connaissance de l'\u00c9quipe de r\u00eave McDonald's 2025, et voyez comment vos contributions ont un impact r\u00e9el sur les patients en oncologie du CHEO.","robots":{"index":"index","follow":"follow","max-snippet":"max-snippet:-1","max-image-preview":"max-image-preview:large","max-video-preview":"max-video-preview:-1"},"canonical":"https:\/\/cncycle.cheofoundation.com\/fr\/a-propos\/","og_locale":"fr_FR","og_type":"article","og_title":"CN Cycle for CHEO | \u00c0 propos","og_description":"Apprenez-en davantage sur le D\u00e9fi CN pour le CHEO et sur la fa\u00e7on dont cet \u00e9v\u00e9nement appuie les soins et la recherche en oncologie p\u00e9diatrique. Faites la connaissance de l'\u00c9quipe de r\u00eave McDonald's 2025, et voyez comment vos contributions ont un impact r\u00e9el sur les patients en oncologie du CHEO.","og_url":"https:\/\/cncycle.cheofoundation.com\/fr\/a-propos\/","og_site_name":"CN Cycle for CHEO","article_publisher":"https:\/\/www.facebook.com\/CHEOkids\/","article_modified_time":"2026-02-11T20:15:15+00:00","og_image":[{"width":2400,"height":1602,"url":"https:\/\/cncycle.cheofoundation.com\/wp-content\/uploads\/sites\/2\/2024\/12\/About.jpg","type":"image\/jpeg"}],"twitter_card":"summary_large_image","twitter_misc":{"Est. reading time":"3 minutes"},"schema":{"@context":"https:\/\/schema.org","@graph":[{"@type":"WebPage","@id":"https:\/\/cncycle.cheofoundation.com\/fr\/a-propos\/","url":"https:\/\/cncycle.cheofoundation.com\/fr\/a-propos\/","name":"CN Cycle for CHEO | \u00c0 propos","isPartOf":{"@id":"https:\/\/cncycle.cheofoundation.com\/fr\/#website"},"primaryImageOfPage":{"@id":"https:\/\/cncycle.cheofoundation.com\/fr\/a-propos\/#primaryimage"},"image":{"@id":"https:\/\/cncycle.cheofoundation.com\/fr\/a-propos\/#primaryimage"},"thumbnailUrl":"https:\/\/cncycle.cheofoundation.com\/wp-content\/uploads\/sites\/2\/2024\/12\/About.jpg","datePublished":"2024-11-21T20:19:31+00:00","dateModified":"2026-02-11T20:15:15+00:00","description":"Apprenez-en davantage sur le D\u00e9fi CN pour le CHEO et sur la fa\u00e7on dont cet \u00e9v\u00e9nement appuie les soins et la recherche en oncologie p\u00e9diatrique. Faites la connaissance de l'\u00c9quipe de r\u00eave McDonald's 2025, et voyez comment vos contributions ont un impact r\u00e9el sur les patients en oncologie du CHEO.","breadcrumb":{"@id":"https:\/\/cncycle.cheofoundation.com\/fr\/a-propos\/#breadcrumb"},"inLanguage":"fr-FR","potentialAction":[{"@type":"ReadAction","target":["https:\/\/cncycle.cheofoundation.com\/fr\/a-propos\/"]}]},{"@type":"ImageObject","inLanguage":"fr-FR","@id":"https:\/\/cncycle.cheofoundation.com\/fr\/a-propos\/#primaryimage","url":"https:\/\/cncycle.cheofoundation.com\/wp-content\/uploads\/sites\/2\/2024\/12\/About.jpg","contentUrl":"https:\/\/cncycle.cheofoundation.com\/wp-content\/uploads\/sites\/2\/2024\/12\/About.jpg","width":2400,"height":1602},{"@type":"BreadcrumbList","@id":"https:\/\/cncycle.cheofoundation.com\/fr\/a-propos\/#breadcrumb","itemListElement":[{"@type":"ListItem","position":1,"name":"Home","item":"https:\/\/cncycle.cheofoundation.com\/fr\/"},{"@type":"ListItem","position":2,"name":"\u00c0 propos"}]},{"@type":"WebSite","@id":"https:\/\/cncycle.cheofoundation.com\/fr\/#website","url":"https:\/\/cncycle.cheofoundation.com\/fr\/","name":"CN Cycle for CHEO","description":"","publisher":{"@id":"https:\/\/cncycle.cheofoundation.com\/fr\/#organization"},"potentialAction":[{"@type":"SearchAction","target":{"@type":"EntryPoint","urlTemplate":"https:\/\/cncycle.cheofoundation.com\/fr\/?s={search_term_string}"},"query-input":{"@type":"PropertyValueSpecification","valueRequired":true,"valueName":"search_term_string"}}],"inLanguage":"fr-FR"},{"@type":"Organization","@id":"https:\/\/cncycle.cheofoundation.com\/fr\/#organization","name":"CN Cycle for CHEO","url":"https:\/\/cncycle.cheofoundation.com\/fr\/","logo":{"@type":"ImageObject","inLanguage":"fr-FR","@id":"https:\/\/cncycle.cheofoundation.com\/fr\/#\/schema\/logo\/image\/","url":"https:\/\/cncycle.cheofoundation.com\/wp-content\/uploads\/sites\/2\/2025\/02\/CN-cycle-stacked.png","contentUrl":"https:\/\/cncycle.cheofoundation.com\/wp-content\/uploads\/sites\/2\/2025\/02\/CN-cycle-stacked.png","width":648,"height":489,"caption":"CN Cycle for CHEO"},"image":{"@id":"https:\/\/cncycle.cheofoundation.com\/fr\/#\/schema\/logo\/image\/"},"sameAs":["https:\/\/www.facebook.com\/CHEOkids\/","https:\/\/www.youtube.com\/user\/CHEOvideos","https:\/\/www.linkedin.com\/company\/cheo-ottawa\/","https:\/\/www.instagram.com\/cheohospital\/"]}]}},"_links":{"self":[{"href":"https:\/\/cncycle.cheofoundation.com\/fr\/wp-json\/wp\/v2\/pages\/474","targetHints":{"allow":["GET"]}}],"collection":[{"href":"https:\/\/cncycle.cheofoundation.com\/fr\/wp-json\/wp\/v2\/pages"}],"about":[{"href":"https:\/\/cncycle.cheofoundation.com\/fr\/wp-json\/wp\/v2\/types\/page"}],"author":[{"embeddable":true,"href":"https:\/\/cncycle.cheofoundation.com\/fr\/wp-json\/wp\/v2\/users\/1"}],"replies":[{"embeddable":true,"href":"https:\/\/cncycle.cheofoundation.com\/fr\/wp-json\/wp\/v2\/comments?post=474"}],"version-history":[{"count":0,"href":"https:\/\/cncycle.cheofoundation.com\/fr\/wp-json\/wp\/v2\/pages\/474\/revisions"}],"wp:featuredmedia":[{"embeddable":true,"href":"https:\/\/cncycle.cheofoundation.com\/fr\/wp-json\/wp\/v2\/media\/277"}],"wp:attachment":[{"href":"https:\/\/cncycle.cheofoundation.com\/fr\/wp-json\/wp\/v2\/media?parent=474"}],"curies":[{"name":"wp","href":"https:\/\/api.w.org\/{rel}","templated":true}]}}