{"id":475,"date":"2024-11-21T16:52:11","date_gmt":"2024-11-21T21:52:11","guid":{"rendered":"https:\/\/cncycle.cheofoundation.com\/prizes\/"},"modified":"2026-02-11T14:11:25","modified_gmt":"2026-02-11T19:11:25","slug":"prix","status":"publish","type":"page","link":"https:\/\/cncycle.cheofoundation.com\/fr\/collecte-de-fonds\/prix\/","title":{"rendered":"Prix"},"content":{"rendered":"\n<p class=\"has-text-align-center narrow-width intro-content\" style=\"padding-right:24rem;padding-left:24rem;font-size:18px\">Commencez votre collecte de fonds d\u00e8s aujourd&rsquo;hui pour gagner l&rsquo;un de ces prix passionnants! <\/p>\n\n<div style=\"height:50px\" aria-hidden=\"true\" class=\"wp-block-spacer\"><\/div>\n\n<div class=\"wp-block-columns is-layout-flex wp-container-core-columns-is-layout-28f84493 wp-block-columns-is-layout-flex\">\n<div class=\"wp-block-column is-layout-flow wp-block-column-is-layout-flow\">\n<h3 class=\"wp-block-heading has-text-align-center\">Chaussettes de cyclisme<\/h3>\n\n\n\n<figure class=\"wp-block-image aligncenter size-full is-resized\"><img loading=\"lazy\" decoding=\"async\" width=\"485\" height=\"840\" src=\"https:\/\/cncycle.cheofoundation.com\/wp-content\/uploads\/sites\/2\/2026\/02\/cnc2026-socks.png\" alt=\"\" class=\"wp-image-1765\" style=\"width:auto;height:300px\" srcset=\"https:\/\/cncycle.cheofoundation.com\/wp-content\/uploads\/sites\/2\/2026\/02\/cnc2026-socks.png 485w, https:\/\/cncycle.cheofoundation.com\/wp-content\/uploads\/sites\/2\/2026\/02\/cnc2026-socks-381x660.png 381w\" sizes=\"auto, (max-width: 485px) 100vw, 485px\" \/><\/figure>\n\n\n\n<p class=\"has-text-align-center\"><strong>Niveau de prix : <\/strong>100 $ recueillie<\/p>\n<\/div>\n\n\n\n<div class=\"wp-block-column is-layout-flow wp-block-column-is-layout-flow\">\n<h3 class=\"wp-block-heading has-text-align-center\">Maillot et t-shirt de cyclisme<\/h3>\n\n\n\n<div class=\"wp-block-columns mb-0 is-layout-flex wp-container-core-columns-is-layout-28f84493 wp-block-columns-is-layout-flex\">\n<div class=\"wp-block-column is-layout-flow wp-block-column-is-layout-flow\">\n<figure class=\"wp-block-image aligncenter size-full is-resized mb-0 mt-0\"><img loading=\"lazy\" decoding=\"async\" width=\"756\" height=\"840\" src=\"https:\/\/cncycle.cheofoundation.com\/wp-content\/uploads\/sites\/2\/2026\/02\/cnc2026-jersey-front.png\" alt=\"\" class=\"wp-image-1759\" style=\"width:auto;height:300px\" srcset=\"https:\/\/cncycle.cheofoundation.com\/wp-content\/uploads\/sites\/2\/2026\/02\/cnc2026-jersey-front.png 756w, https:\/\/cncycle.cheofoundation.com\/wp-content\/uploads\/sites\/2\/2026\/02\/cnc2026-jersey-front-594x660.png 594w\" sizes=\"auto, (max-width: 756px) 100vw, 756px\" \/><\/figure>\n<\/div>\n\n\n\n<div class=\"wp-block-column is-layout-flow wp-block-column-is-layout-flow\">\n<figure class=\"wp-block-image aligncenter size-full is-resized mb-0 mt-0\"><img loading=\"lazy\" decoding=\"async\" width=\"712\" height=\"840\" src=\"https:\/\/cncycle.cheofoundation.com\/wp-content\/uploads\/sites\/2\/2026\/02\/cnc2026-shirt-front.png\" alt=\"\" class=\"wp-image-1763\" style=\"width:auto;height:300px\" srcset=\"https:\/\/cncycle.cheofoundation.com\/wp-content\/uploads\/sites\/2\/2026\/02\/cnc2026-shirt-front.png 712w, https:\/\/cncycle.cheofoundation.com\/wp-content\/uploads\/sites\/2\/2026\/02\/cnc2026-shirt-front-559x660.png 559w\" sizes=\"auto, (max-width: 712px) 100vw, 712px\" \/><\/figure>\n<\/div>\n<\/div>\n\n\n\n<p class=\"has-text-align-center\"><strong>Niveau de prix :<\/strong> 200 $ recueillie<\/p>\n<\/div>\n<\/div>\n\n<div class=\"wp-block-columns is-layout-flex wp-container-core-columns-is-layout-28f84493 wp-block-columns-is-layout-flex\">\n<div class=\"wp-block-column is-layout-flow wp-block-column-is-layout-flow\">\n<h3 class=\"wp-block-heading has-text-align-center\">Sac \u00e0 dos<\/h3>\n\n\n\n<figure class=\"wp-block-image aligncenter size-full is-resized\"><img loading=\"lazy\" decoding=\"async\" width=\"908\" height=\"840\" src=\"https:\/\/cncycle.cheofoundation.com\/wp-content\/uploads\/sites\/2\/2026\/02\/cnc2026-backpack.png\" alt=\"\" class=\"wp-image-1755\" style=\"width:auto;height:300px\" srcset=\"https:\/\/cncycle.cheofoundation.com\/wp-content\/uploads\/sites\/2\/2026\/02\/cnc2026-backpack.png 908w, https:\/\/cncycle.cheofoundation.com\/wp-content\/uploads\/sites\/2\/2026\/02\/cnc2026-backpack-660x611.png 660w, https:\/\/cncycle.cheofoundation.com\/wp-content\/uploads\/sites\/2\/2026\/02\/cnc2026-backpack-768x710.png 768w\" sizes=\"auto, (max-width: 908px) 100vw, 908px\" \/><\/figure>\n\n\n\n<p class=\"has-text-align-center\"><strong>Niveau de prix :<\/strong> 500 $ amass\u00e9s<\/p>\n<\/div>\n<\/div>\n\n<h2 class=\"wp-block-heading\">Tirages au sort<\/h2>\n\n<div class=\"wp-block-columns is-layout-flex wp-container-core-columns-is-layout-28f84493 wp-block-columns-is-layout-flex\">\n<div class=\"wp-block-column is-layout-flow wp-block-column-is-layout-flow\" style=\"padding-top:var(--wp--preset--spacing--50)\">\n<h3 class=\"wp-block-heading\">Tirage d&rsquo;un v\u00e9lo pour enfants<\/h3>\n\n\n\n<p>Un bon de participation pour chaque tranche de 150 $ amass\u00e9e<\/p>\n<\/div>\n\n\n\n<div class=\"wp-block-column is-layout-flow wp-block-column-is-layout-flow\" style=\"padding-top:var(--wp--preset--spacing--50)\">\n<h3 class=\"wp-block-heading\">Carte-cadeau Bushtukah \u2013 500 $<\/h3>\n\n\n\n<p>Un bon de participation pour chaque 250 tranche de $ amass\u00e9e<\/p>\n<\/div>\n\n\n\n<div class=\"wp-block-column is-layout-flow wp-block-column-is-layout-flow\">\n<h3 class=\"wp-block-heading\" style=\"margin-top:1.35rem\">Billets Air Canada<\/h3>\n\n\n\n<p>Un bon de participation pour chaque tranche de 500 $ amass\u00e9e<\/p>\n\n\n\n<p>Deux billets d\u2019avion vers toute destination desservie par Air Canada. Un vol aller-retour pour deux personnes vers toute destination r\u00e9guli\u00e8re et commercialis\u00e9e par Air Canada*!  <\/p>\n\n\n\n<p><em>(*Aucune valeur mon\u00e9taire. Frais, taxes et suppl\u00e9ments non inclus. Des dates d&rsquo;interdiction et des restrictions s&rsquo;appliquent).<\/em><\/p>\n\n\n\n<figure class=\"wp-block-image alignleft size-full\" style=\"margin-top:var(--wp--preset--spacing--30)\"><img loading=\"lazy\" decoding=\"async\" width=\"640\" height=\"114\" src=\"https:\/\/cncycle.cheofoundation.com\/wp-content\/uploads\/sites\/2\/2026\/02\/air_canada_logo.png\" alt=\"\" class=\"wp-image-1767\"\/><\/figure>\n<\/div>\n\n\n\n<div class=\"wp-block-column is-layout-flow wp-block-column-is-layout-flow\" style=\"padding-top:var(--wp--preset--spacing--50)\">\n<h3 class=\"wp-block-heading\">Forfait week-end au Great Wolf Lodge<\/h3>\n\n\n\n<p>Un bulletin pour chaque tranche de 750 $ recueillie<br\/>3 nuit\u00e9es \u2013 4 personnes<\/p>\n\n\n\n<p>Chalet Timberwolf \u2013 Chalet jumel\u00e9 de 2 chambres comprenant une chambre principale avec un lit king et une mezzanine avec 2 lits doubles c\u00f4te \u00e0 c\u00f4te au bas et 2 lits simples au haut, ainsi qu\u2019une cuisine enti\u00e8rement \u00e9quip\u00e9e<\/p>\n\n\n\n<p>Comprend :<\/p>\n\n\n\n<ul class=\"wp-block-list\">\n<li>Acc\u00e8s illimit\u00e9 au parc aquatique<ul><li>Acc\u00e8s illimit\u00e9 au parc aquatique<\/li><\/ul><ul><li>Activit\u00e9s pour enfants<\/li><\/ul><ul><li>Wi-Fi illimit\u00e9<\/li><\/ul>\n<ul class=\"wp-block-list\">\n<li>Passeport Wolf pour la salle d\u2019arcade, le laser tag et les quilles<\/li>\n<\/ul>\n<\/li>\n<\/ul>\n\n\n\n<p>Une carte-cadeau d\u2019essence de 500 $ et une carte-cadeau Tim Hortons\/Wendy\u2019s de 500 $<\/p>\n<\/div>\n<\/div>\n\n<div style=\"height:35px\" aria-hidden=\"true\" class=\"wp-block-spacer\"><\/div>\n\n<h2 class=\"wp-block-heading\">Principaux collecteurs de fonds<\/h2>\n\n<div class=\"wp-block-columns is-layout-flex wp-container-core-columns-is-layout-28f84493 wp-block-columns-is-layout-flex\">\n<div class=\"wp-block-column is-vertically-aligned-top is-layout-flow wp-block-column-is-layout-flow\">\n<h3 class=\"wp-block-heading\" style=\"padding-top:var(--wp--preset--spacing--50)\">\u00c9quipes Famille et amis<\/h3>\n\n\n\n<p>Des prix seront attribu\u00e9s aux trois meilleures \u00e9quipes de collecte de fonds :<\/p>\n\n\n\n<ul class=\"wp-block-list\">\n<li><strong>1er prix :<\/strong> carte-cadeau Bushtukah de 100 $ pour chaque membre de l&rsquo;\u00e9quipe*;<\/li>\n\n\n\n<li><strong>2\u00e8me prix :<\/strong> carte-cadeau Bushtukah de 75 $ pour chaque membre de l&rsquo;\u00e9quipe*;<\/li>\n\n\n\n<li><strong>3e prix :<\/strong> carte-cadeau Bushtukah de 50 $ pour chaque membre de l&rsquo;\u00e9quipe*.<\/li>\n<\/ul>\n\n\n\n<p><em>*jusqu&rsquo;\u00e0 10 membres de l&rsquo;\u00e9quipe<\/em><\/p>\n<\/div>\n\n\n\n<div class=\"wp-block-column is-vertically-aligned-top is-layout-flow wp-block-column-is-layout-flow\" style=\"padding-top:var(--wp--preset--spacing--50)\">\n<h3 class=\"wp-block-heading\">\u00c9quipes en milieu de travail<\/h3>\n\n\n\n<p>Des prix seront attribu\u00e9s aux trois meilleures \u00e9quipes de collecte de fonds :<\/p>\n\n\n\n<ul class=\"wp-block-list\">\n<li><strong> 1er prix : <\/strong>carte-cadeau Bushtukah de 100 $ pour chaque membre de l&rsquo;\u00e9quipe*;<\/li>\n\n\n\n<li><strong>2\u00e8me prix :<\/strong> carte-cadeau Bushtukah de 75 $ pour chaque membre de l&rsquo;\u00e9quipe*;<\/li>\n\n\n\n<li><strong>3e prix :<\/strong> carte-cadeau Bushtukah de 50 $ pour chaque membre de l&rsquo;\u00e9quipe*.<\/li>\n<\/ul>\n\n\n\n<p><em>*jusqu&rsquo;\u00e0 10 membres de l&rsquo;\u00e9quipe<\/em><\/p>\n<\/div>\n\n\n\n<div class=\"wp-block-column is-vertically-aligned-top is-layout-flow wp-block-column-is-layout-flow\" style=\"padding-top:var(--wp--preset--spacing--50)\">\n<h3 class=\"wp-block-heading\">Collecteurs de fonds individuels<\/h3>\n\n\n\n<p>Prix remis aux trois meilleurs collecteurs de fonds individuels :<\/p>\n\n\n\n<ul class=\"wp-block-list\">\n<li><strong>1er prix :<\/strong> carte-cadeau Bushtukah de 500 $<\/li>\n\n\n\n<li><strong>2\u00e8me prix :<\/strong> carte-cadeau Bushtukah de 350 $<\/li>\n\n\n\n<li><strong>3e prix :<\/strong> carte-cadeau Bushtukah de 200 $<\/li>\n<\/ul>\n<\/div>\n<\/div>\n\n<div style=\"height:35px\" aria-hidden=\"true\" class=\"wp-block-spacer\"><\/div>\n\n<h2 class=\"wp-block-heading\">Tirage d\u2019inscription<\/h2>\n\n<p>Billets disponibles au Th\u00e9\u00e2tre Barney Danson lors de la cueillette de la trousse :<\/p>\n\n<ul class=\"wp-block-list\">\n<li><strong>1er prix :<\/strong> Carte-cadeau Bushtukah de 400 $<\/li>\n\n\n\n<li><strong>2e prix :<\/strong> Carte-cadeau Bushtukah de 350 $<\/li>\n<\/ul>\n\n<div style=\"height:100px\" aria-hidden=\"true\" class=\"wp-block-spacer\"><\/div>\n","protected":false},"excerpt":{"rendered":"<p>Commencez votre collecte de fonds d\u00e8s aujourd&rsquo;hui pour gagner l&rsquo;un de ces prix passionnants! Chaussettes de cyclisme Niveau de prix : 100 $ recueillie Maillot et t-shirt de cyclisme Niveau de prix : 200 $ recueillie Sac \u00e0 dos Niveau de prix : 500 $ amass\u00e9s Tirages au sort Tirage d&rsquo;un v\u00e9lo pour enfants Un&#8230;<\/p>\n","protected":false},"author":1,"featured_media":327,"parent":490,"menu_order":3,"comment_status":"closed","ping_status":"closed","template":"","meta":{"footnotes":""},"class_list":["post-475","page","type-page","status-publish","has-post-thumbnail","hentry"],"yoast_head":"<!-- This site is optimized with the Yoast SEO plugin v27.5 - https:\/\/yoast.com\/product\/yoast-seo-wordpress\/ -->\n<title>CN Cycle for CHEO | Prix<\/title>\n<meta name=\"description\" content=\"Gagnez des prix int\u00e9ressants en amassant des fonds pour le D\u00e9fi CN pour le CHEO! Commencez d\u00e8s aujourd&#039;hui et appuyez les soins et la recherche en oncologie p\u00e9diatrique tout en gagnant d&#039;excellentes r\u00e9compenses.\" \/>\n<meta name=\"robots\" content=\"index, follow, max-snippet:-1, max-image-preview:large, max-video-preview:-1\" \/>\n<link rel=\"canonical\" href=\"https:\/\/cncycle.cheofoundation.com\/fr\/collecte-de-fonds\/prix\/\" \/>\n<meta property=\"og:locale\" content=\"fr_FR\" \/>\n<meta property=\"og:type\" content=\"article\" \/>\n<meta property=\"og:title\" content=\"CN Cycle for CHEO | Prix\" \/>\n<meta property=\"og:description\" content=\"Gagnez des prix int\u00e9ressants en amassant des fonds pour le D\u00e9fi CN pour le CHEO! Commencez d\u00e8s aujourd&#039;hui et appuyez les soins et la recherche en oncologie p\u00e9diatrique tout en gagnant d&#039;excellentes r\u00e9compenses.\" \/>\n<meta property=\"og:url\" content=\"https:\/\/cncycle.cheofoundation.com\/fr\/collecte-de-fonds\/prix\/\" \/>\n<meta property=\"og:site_name\" content=\"CN Cycle for CHEO\" \/>\n<meta property=\"article:publisher\" content=\"https:\/\/www.facebook.com\/CHEOkids\/\" \/>\n<meta property=\"article:modified_time\" content=\"2026-02-11T19:11:25+00:00\" \/>\n<meta property=\"og:image\" content=\"https:\/\/cncycle.cheofoundation.com\/wp-content\/uploads\/sites\/2\/2024\/12\/Fundraise-1320x460.png\" \/>\n\t<meta property=\"og:image:width\" content=\"1320\" \/>\n\t<meta property=\"og:image:height\" content=\"460\" \/>\n\t<meta property=\"og:image:type\" content=\"image\/png\" \/>\n<meta name=\"twitter:card\" content=\"summary_large_image\" \/>\n<meta name=\"twitter:label1\" content=\"Est. reading time\" \/>\n\t<meta name=\"twitter:data1\" content=\"3 minutes\" \/>\n<script type=\"application\/ld+json\" class=\"yoast-schema-graph\">{\"@context\":\"https:\\\/\\\/schema.org\",\"@graph\":[{\"@type\":\"WebPage\",\"@id\":\"https:\\\/\\\/cncycle.cheofoundation.com\\\/fr\\\/collecte-de-fonds\\\/prix\\\/\",\"url\":\"https:\\\/\\\/cncycle.cheofoundation.com\\\/fr\\\/collecte-de-fonds\\\/prix\\\/\",\"name\":\"CN Cycle for CHEO | Prix\",\"isPartOf\":{\"@id\":\"https:\\\/\\\/cncycle.cheofoundation.com\\\/fr\\\/#website\"},\"primaryImageOfPage\":{\"@id\":\"https:\\\/\\\/cncycle.cheofoundation.com\\\/fr\\\/collecte-de-fonds\\\/prix\\\/#primaryimage\"},\"image\":{\"@id\":\"https:\\\/\\\/cncycle.cheofoundation.com\\\/fr\\\/collecte-de-fonds\\\/prix\\\/#primaryimage\"},\"thumbnailUrl\":\"https:\\\/\\\/cncycle.cheofoundation.com\\\/wp-content\\\/uploads\\\/sites\\\/2\\\/2024\\\/12\\\/Fundraise.png\",\"datePublished\":\"2024-11-21T21:52:11+00:00\",\"dateModified\":\"2026-02-11T19:11:25+00:00\",\"description\":\"Gagnez des prix int\u00e9ressants en amassant des fonds pour le D\u00e9fi CN pour le CHEO! Commencez d\u00e8s aujourd'hui et appuyez les soins et la recherche en oncologie p\u00e9diatrique tout en gagnant d'excellentes r\u00e9compenses.\",\"breadcrumb\":{\"@id\":\"https:\\\/\\\/cncycle.cheofoundation.com\\\/fr\\\/collecte-de-fonds\\\/prix\\\/#breadcrumb\"},\"inLanguage\":\"fr-FR\",\"potentialAction\":[{\"@type\":\"ReadAction\",\"target\":[\"https:\\\/\\\/cncycle.cheofoundation.com\\\/fr\\\/collecte-de-fonds\\\/prix\\\/\"]}]},{\"@type\":\"ImageObject\",\"inLanguage\":\"fr-FR\",\"@id\":\"https:\\\/\\\/cncycle.cheofoundation.com\\\/fr\\\/collecte-de-fonds\\\/prix\\\/#primaryimage\",\"url\":\"https:\\\/\\\/cncycle.cheofoundation.com\\\/wp-content\\\/uploads\\\/sites\\\/2\\\/2024\\\/12\\\/Fundraise.png\",\"contentUrl\":\"https:\\\/\\\/cncycle.cheofoundation.com\\\/wp-content\\\/uploads\\\/sites\\\/2\\\/2024\\\/12\\\/Fundraise.png\",\"width\":4096,\"height\":1426},{\"@type\":\"BreadcrumbList\",\"@id\":\"https:\\\/\\\/cncycle.cheofoundation.com\\\/fr\\\/collecte-de-fonds\\\/prix\\\/#breadcrumb\",\"itemListElement\":[{\"@type\":\"ListItem\",\"position\":1,\"name\":\"Home\",\"item\":\"https:\\\/\\\/cncycle.cheofoundation.com\\\/fr\\\/\"},{\"@type\":\"ListItem\",\"position\":2,\"name\":\"Collecte de fonds\",\"item\":\"https:\\\/\\\/cncycle.cheofoundation.com\\\/fr\\\/collecte-de-fonds\\\/\"},{\"@type\":\"ListItem\",\"position\":3,\"name\":\"Prix\"}]},{\"@type\":\"WebSite\",\"@id\":\"https:\\\/\\\/cncycle.cheofoundation.com\\\/fr\\\/#website\",\"url\":\"https:\\\/\\\/cncycle.cheofoundation.com\\\/fr\\\/\",\"name\":\"CN Cycle for CHEO\",\"description\":\"\",\"publisher\":{\"@id\":\"https:\\\/\\\/cncycle.cheofoundation.com\\\/fr\\\/#organization\"},\"potentialAction\":[{\"@type\":\"SearchAction\",\"target\":{\"@type\":\"EntryPoint\",\"urlTemplate\":\"https:\\\/\\\/cncycle.cheofoundation.com\\\/fr\\\/?s={search_term_string}\"},\"query-input\":{\"@type\":\"PropertyValueSpecification\",\"valueRequired\":true,\"valueName\":\"search_term_string\"}}],\"inLanguage\":\"fr-FR\"},{\"@type\":\"Organization\",\"@id\":\"https:\\\/\\\/cncycle.cheofoundation.com\\\/fr\\\/#organization\",\"name\":\"CN Cycle for CHEO\",\"url\":\"https:\\\/\\\/cncycle.cheofoundation.com\\\/fr\\\/\",\"logo\":{\"@type\":\"ImageObject\",\"inLanguage\":\"fr-FR\",\"@id\":\"https:\\\/\\\/cncycle.cheofoundation.com\\\/fr\\\/#\\\/schema\\\/logo\\\/image\\\/\",\"url\":\"https:\\\/\\\/cncycle.cheofoundation.com\\\/wp-content\\\/uploads\\\/sites\\\/2\\\/2025\\\/02\\\/CN-cycle-stacked.png\",\"contentUrl\":\"https:\\\/\\\/cncycle.cheofoundation.com\\\/wp-content\\\/uploads\\\/sites\\\/2\\\/2025\\\/02\\\/CN-cycle-stacked.png\",\"width\":648,\"height\":489,\"caption\":\"CN Cycle for CHEO\"},\"image\":{\"@id\":\"https:\\\/\\\/cncycle.cheofoundation.com\\\/fr\\\/#\\\/schema\\\/logo\\\/image\\\/\"},\"sameAs\":[\"https:\\\/\\\/www.facebook.com\\\/CHEOkids\\\/\",\"https:\\\/\\\/www.youtube.com\\\/user\\\/CHEOvideos\",\"https:\\\/\\\/www.linkedin.com\\\/company\\\/cheo-ottawa\\\/\",\"https:\\\/\\\/www.instagram.com\\\/cheohospital\\\/\"]}]}<\/script>\n<!-- \/ Yoast SEO plugin. -->","yoast_head_json":{"title":"CN Cycle for CHEO | Prix","description":"Gagnez des prix int\u00e9ressants en amassant des fonds pour le D\u00e9fi CN pour le CHEO! Commencez d\u00e8s aujourd'hui et appuyez les soins et la recherche en oncologie p\u00e9diatrique tout en gagnant d'excellentes r\u00e9compenses.","robots":{"index":"index","follow":"follow","max-snippet":"max-snippet:-1","max-image-preview":"max-image-preview:large","max-video-preview":"max-video-preview:-1"},"canonical":"https:\/\/cncycle.cheofoundation.com\/fr\/collecte-de-fonds\/prix\/","og_locale":"fr_FR","og_type":"article","og_title":"CN Cycle for CHEO | Prix","og_description":"Gagnez des prix int\u00e9ressants en amassant des fonds pour le D\u00e9fi CN pour le CHEO! Commencez d\u00e8s aujourd'hui et appuyez les soins et la recherche en oncologie p\u00e9diatrique tout en gagnant d'excellentes r\u00e9compenses.","og_url":"https:\/\/cncycle.cheofoundation.com\/fr\/collecte-de-fonds\/prix\/","og_site_name":"CN Cycle for CHEO","article_publisher":"https:\/\/www.facebook.com\/CHEOkids\/","article_modified_time":"2026-02-11T19:11:25+00:00","og_image":[{"width":1320,"height":460,"url":"https:\/\/cncycle.cheofoundation.com\/wp-content\/uploads\/sites\/2\/2024\/12\/Fundraise-1320x460.png","type":"image\/png"}],"twitter_card":"summary_large_image","twitter_misc":{"Est. reading time":"3 minutes"},"schema":{"@context":"https:\/\/schema.org","@graph":[{"@type":"WebPage","@id":"https:\/\/cncycle.cheofoundation.com\/fr\/collecte-de-fonds\/prix\/","url":"https:\/\/cncycle.cheofoundation.com\/fr\/collecte-de-fonds\/prix\/","name":"CN Cycle for CHEO | Prix","isPartOf":{"@id":"https:\/\/cncycle.cheofoundation.com\/fr\/#website"},"primaryImageOfPage":{"@id":"https:\/\/cncycle.cheofoundation.com\/fr\/collecte-de-fonds\/prix\/#primaryimage"},"image":{"@id":"https:\/\/cncycle.cheofoundation.com\/fr\/collecte-de-fonds\/prix\/#primaryimage"},"thumbnailUrl":"https:\/\/cncycle.cheofoundation.com\/wp-content\/uploads\/sites\/2\/2024\/12\/Fundraise.png","datePublished":"2024-11-21T21:52:11+00:00","dateModified":"2026-02-11T19:11:25+00:00","description":"Gagnez des prix int\u00e9ressants en amassant des fonds pour le D\u00e9fi CN pour le CHEO! Commencez d\u00e8s aujourd'hui et appuyez les soins et la recherche en oncologie p\u00e9diatrique tout en gagnant d'excellentes r\u00e9compenses.","breadcrumb":{"@id":"https:\/\/cncycle.cheofoundation.com\/fr\/collecte-de-fonds\/prix\/#breadcrumb"},"inLanguage":"fr-FR","potentialAction":[{"@type":"ReadAction","target":["https:\/\/cncycle.cheofoundation.com\/fr\/collecte-de-fonds\/prix\/"]}]},{"@type":"ImageObject","inLanguage":"fr-FR","@id":"https:\/\/cncycle.cheofoundation.com\/fr\/collecte-de-fonds\/prix\/#primaryimage","url":"https:\/\/cncycle.cheofoundation.com\/wp-content\/uploads\/sites\/2\/2024\/12\/Fundraise.png","contentUrl":"https:\/\/cncycle.cheofoundation.com\/wp-content\/uploads\/sites\/2\/2024\/12\/Fundraise.png","width":4096,"height":1426},{"@type":"BreadcrumbList","@id":"https:\/\/cncycle.cheofoundation.com\/fr\/collecte-de-fonds\/prix\/#breadcrumb","itemListElement":[{"@type":"ListItem","position":1,"name":"Home","item":"https:\/\/cncycle.cheofoundation.com\/fr\/"},{"@type":"ListItem","position":2,"name":"Collecte de fonds","item":"https:\/\/cncycle.cheofoundation.com\/fr\/collecte-de-fonds\/"},{"@type":"ListItem","position":3,"name":"Prix"}]},{"@type":"WebSite","@id":"https:\/\/cncycle.cheofoundation.com\/fr\/#website","url":"https:\/\/cncycle.cheofoundation.com\/fr\/","name":"CN Cycle for CHEO","description":"","publisher":{"@id":"https:\/\/cncycle.cheofoundation.com\/fr\/#organization"},"potentialAction":[{"@type":"SearchAction","target":{"@type":"EntryPoint","urlTemplate":"https:\/\/cncycle.cheofoundation.com\/fr\/?s={search_term_string}"},"query-input":{"@type":"PropertyValueSpecification","valueRequired":true,"valueName":"search_term_string"}}],"inLanguage":"fr-FR"},{"@type":"Organization","@id":"https:\/\/cncycle.cheofoundation.com\/fr\/#organization","name":"CN Cycle for CHEO","url":"https:\/\/cncycle.cheofoundation.com\/fr\/","logo":{"@type":"ImageObject","inLanguage":"fr-FR","@id":"https:\/\/cncycle.cheofoundation.com\/fr\/#\/schema\/logo\/image\/","url":"https:\/\/cncycle.cheofoundation.com\/wp-content\/uploads\/sites\/2\/2025\/02\/CN-cycle-stacked.png","contentUrl":"https:\/\/cncycle.cheofoundation.com\/wp-content\/uploads\/sites\/2\/2025\/02\/CN-cycle-stacked.png","width":648,"height":489,"caption":"CN Cycle for CHEO"},"image":{"@id":"https:\/\/cncycle.cheofoundation.com\/fr\/#\/schema\/logo\/image\/"},"sameAs":["https:\/\/www.facebook.com\/CHEOkids\/","https:\/\/www.youtube.com\/user\/CHEOvideos","https:\/\/www.linkedin.com\/company\/cheo-ottawa\/","https:\/\/www.instagram.com\/cheohospital\/"]}]}},"_links":{"self":[{"href":"https:\/\/cncycle.cheofoundation.com\/fr\/wp-json\/wp\/v2\/pages\/475","targetHints":{"allow":["GET"]}}],"collection":[{"href":"https:\/\/cncycle.cheofoundation.com\/fr\/wp-json\/wp\/v2\/pages"}],"about":[{"href":"https:\/\/cncycle.cheofoundation.com\/fr\/wp-json\/wp\/v2\/types\/page"}],"author":[{"embeddable":true,"href":"https:\/\/cncycle.cheofoundation.com\/fr\/wp-json\/wp\/v2\/users\/1"}],"replies":[{"embeddable":true,"href":"https:\/\/cncycle.cheofoundation.com\/fr\/wp-json\/wp\/v2\/comments?post=475"}],"version-history":[{"count":0,"href":"https:\/\/cncycle.cheofoundation.com\/fr\/wp-json\/wp\/v2\/pages\/475\/revisions"}],"up":[{"embeddable":true,"href":"https:\/\/cncycle.cheofoundation.com\/fr\/wp-json\/wp\/v2\/pages\/490"}],"wp:featuredmedia":[{"embeddable":true,"href":"https:\/\/cncycle.cheofoundation.com\/fr\/wp-json\/wp\/v2\/media\/327"}],"wp:attachment":[{"href":"https:\/\/cncycle.cheofoundation.com\/fr\/wp-json\/wp\/v2\/media?parent=475"}],"curies":[{"name":"wp","href":"https:\/\/api.w.org\/{rel}","templated":true}]}}