{"id":476,"date":"2024-11-21T16:52:37","date_gmt":"2024-11-21T21:52:37","guid":{"rendered":"https:\/\/cncycle.cheofoundation.com\/donations\/"},"modified":"2026-04-16T11:05:56","modified_gmt":"2026-04-16T15:05:56","slug":"dons","status":"publish","type":"page","link":"https:\/\/cncycle.cheofoundation.com\/fr\/collecte-de-fonds\/dons\/","title":{"rendered":"Dons"},"content":{"rendered":"\n<div class=\"wp-block-media-text has-media-on-the-right is-stacked-on-mobile\"><div class=\"wp-block-media-text__content\">\n<h2 class=\"wp-block-heading has-purple-color has-text-color has-link-color wp-elements-8c48566b1055ab9bcef7a78a1d8f21f9\">Dons<\/h2>\n\n\n\n<p class=\"has-black-color has-text-color has-link-color wp-elements-e18e1f788c12bc188882f0b2b530c56d\">Gr\u00e2ce \u00e0 votre g\u00e9n\u00e9rosit\u00e9, le CHEO est en mesure d&rsquo;offrir aux jeunes patients les traitements d&rsquo;oncologie, les services et la recherche de pointe dont ils ont besoin et qu&rsquo;ils m\u00e9ritent.<\/p>\n\n\n\n<div class=\"wp-block-buttons is-layout-flex wp-block-buttons-is-layout-flex\">\n<div class=\"wp-block-button\"><a class=\"wp-block-button__link wp-element-button\" href=\"https:\/\/cheofoundation.donordrive.com\/?fuseaction=donorDrive.donate&amp;eventID=824&amp;language=fr\" target=\"_blank\" rel=\"noreferrer noopener\">Donnez maintenant<\/a><\/div>\n<\/div>\n<\/div><figure class=\"wp-block-media-text__media\"><img loading=\"lazy\" decoding=\"async\" width=\"1320\" height=\"936\" src=\"https:\/\/cncycle.cheofoundation.com\/wp-content\/uploads\/sites\/2\/2025\/02\/CN-Cycle-2024-Cheque-photo_sm-1320x936.jpg\" alt=\"\" class=\"wp-image-1090 size-full\" srcset=\"https:\/\/cncycle.cheofoundation.com\/wp-content\/uploads\/sites\/2\/2025\/02\/CN-Cycle-2024-Cheque-photo_sm-1320x936.jpg 1320w, https:\/\/cncycle.cheofoundation.com\/wp-content\/uploads\/sites\/2\/2025\/02\/CN-Cycle-2024-Cheque-photo_sm-660x468.jpg 660w, https:\/\/cncycle.cheofoundation.com\/wp-content\/uploads\/sites\/2\/2025\/02\/CN-Cycle-2024-Cheque-photo_sm-768x544.jpg 768w, https:\/\/cncycle.cheofoundation.com\/wp-content\/uploads\/sites\/2\/2025\/02\/CN-Cycle-2024-Cheque-photo_sm-1536x1089.jpg 1536w, https:\/\/cncycle.cheofoundation.com\/wp-content\/uploads\/sites\/2\/2025\/02\/CN-Cycle-2024-Cheque-photo_sm-2048x1452.jpg 2048w\" sizes=\"auto, (max-width: 1320px) 100vw, 1320px\" \/><\/figure><\/div>\n\n<div style=\"height:30px\" aria-hidden=\"true\" class=\"wp-block-spacer\"><\/div>\n\n<hr class=\"wp-block-separator has-text-color has-red-color has-alpha-channel-opacity has-red-background-color has-background\"\/>\n\n<div class=\"wp-block-columns mb-4 is-layout-flex wp-container-core-columns-is-layout-29482943 wp-block-columns-is-layout-flex\" style=\"padding-top:var(--wp--preset--spacing--20);padding-right:var(--wp--preset--spacing--50);padding-bottom:var(--wp--preset--spacing--20);padding-left:var(--wp--preset--spacing--50)\">\n<div class=\"wp-block-column is-layout-flow wp-block-column-is-layout-flow\">\n<h3 class=\"wp-block-heading\">Dons hors-ligne<\/h3>\n\n\n\n<p>Vous pouvez inclure les dons en esp\u00e8ces dans le total de votre collecte de fonds en prenant l&rsquo;argent et en utilisant votre carte de cr\u00e9dit ou votre ch\u00e8que personnel pour payer le montant du don.<\/p>\n<\/div>\n<\/div>\n\n<hr class=\"wp-block-separator has-text-color has-red-color has-alpha-channel-opacity has-red-background-color has-background\"\/>\n\n<div class=\"wp-block-columns mb-4 is-layout-flex wp-container-core-columns-is-layout-29482943 wp-block-columns-is-layout-flex\" style=\"padding-top:var(--wp--preset--spacing--20);padding-right:var(--wp--preset--spacing--50);padding-bottom:var(--wp--preset--spacing--20);padding-left:var(--wp--preset--spacing--50)\">\n<div class=\"wp-block-column is-layout-flow wp-block-column-is-layout-flow\">\n<h3 class=\"wp-block-heading\" style=\"margin-bottom:var(--wp--preset--spacing--50)\">Payer par carte de cr\u00e9dit<\/h3>\n\n\n\n<ul class=\"wp-block-list\">\n<li><a href=\"https:\/\/cheofoundation.donordrive.com\/index.cfm?fuseaction=donorDrive.donate&amp;eventID=824&amp;language=fr\" target=\"_blank\" rel=\"noreferrer noopener\">Donnez en ligne \u00e0 cncycle.cheofoundation.com<\/a><\/li>\n\n\n\n<li>Assurez-vous d&rsquo;\u00eatre d\u00e9connect\u00e9 du syst\u00e8me (pour que le don n&rsquo;apparaisse pas sous votre nom, par exemple);<\/li>\n\n\n\n<li>Cherchez votre nom; vous voulez vous assurer que le don appara\u00eet sous votre page personnelle de collecte de fonds comme faisant partie des dons qui vous ont \u00e9t\u00e9 faits.<\/li>\n\n\n\n<li>Une fois que vous avez trouv\u00e9 le lien de votre participant, cliquez sur le bouton \u00ab Donner maintenant \u00bb<\/li>\n\n\n\n<li>Effectuez les \u00e9tapes pr\u00e9c\u00e9dentes pour chaque don distinct que vous souhaitez saisir.<\/li>\n\n\n\n<li>Veuillez vous munir de l&rsquo;adresse postale compl\u00e8te du donateur, y compris le code postal et l&rsquo;adresse \u00e9lectronique, afin qu&rsquo;il re\u00e7oive directement le re\u00e7u fiscal. Le total des fonds collect\u00e9s en ligne augmentera imm\u00e9diatement pour atteindre l&rsquo;objectif que vous vous \u00eates fix\u00e9 pour l&rsquo;\u00e9v\u00e9nement.<\/li>\n<\/ul>\n\n\n\n<p><strong>Remarque:<\/strong> le re\u00e7u sera \u00e9mis au nom du titulaire de la carte de cr\u00e9dit. <strong>Si vous d\u00e9sirez que le re\u00e7u soit \u00e9mis au nom d&rsquo;une autre personne, ne faites pas votre don en ligne. <\/strong> Vous pouvez appeler l&rsquo;\u00e9quipe des finances de la Fondation du CHEO au <a href=\"tel:613-737-2780\">613-737-2780<\/a> pour faire votre don par t\u00e9l\u00e9phone. Vous pouvez aussi choisir de remplir <a href=\"https:\/\/cncycle.cheofoundation.com\/wp-content\/uploads\/sites\/2\/2026\/04\/CNC_2026_Offline_Pledge_Form_FR.pdf\" target=\"_blank\" rel=\"noreferrer noopener\">le formulaire de don hors ligne<\/a> et d&rsquo;apporter de l&rsquo;argent comptant ou un ch\u00e8que \u00e0 l&rsquo;inscription.<\/p>\n<\/div>\n<\/div>\n\n<hr class=\"wp-block-separator has-text-color has-red-color has-alpha-channel-opacity has-red-background-color has-background\"\/>\n\n<div class=\"wp-block-columns mb-4 is-layout-flex wp-container-core-columns-is-layout-29482943 wp-block-columns-is-layout-flex\" style=\"padding-top:var(--wp--preset--spacing--20);padding-right:var(--wp--preset--spacing--50);padding-bottom:var(--wp--preset--spacing--20);padding-left:var(--wp--preset--spacing--50)\">\n<div class=\"wp-block-column is-layout-flow wp-block-column-is-layout-flow\">\n<h3 class=\"wp-block-heading\">Payer par ch\u00e8que<\/h3>\n\n\n\n<p>Vous pouvez faire un seul ch\u00e8que pour couvrir toutes les sommes collect\u00e9es. Assurez-vous simplement que chaque don individuel est indiqu\u00e9 sur votre formulaire de don en ligne avec les adresses postales, y compris les codes postaux et les adresses de courriel de tous les donateurs. <\/p>\n\n\n\n<p>Le total des fonds recueillis en ligne augmentera pour atteindre l&rsquo;objectif fix\u00e9 pour l&rsquo;\u00e9v\u00e9nement une fois que les dons auront \u00e9t\u00e9 ajout\u00e9s au syst\u00e8me s\u00e9curis\u00e9 par le personnel de la Fondation du CHEO. Postez le formulaire de don en ligne avec votre ch\u00e8que aux adresses postales ci-dessous.<\/p>\n\n\n\n<p><strong>Comment accepter les dons par ch\u00e8que<\/strong><\/p>\n\n\n\n<p>Vous pouvez envoyer \u00e0 la Fondation du CHEO des ch\u00e8ques accompagn\u00e9s d&rsquo;un formulaire de don en ligne contenant les renseignements sur le donateur. Ces ch\u00e8ques seront ajout\u00e9s \u00e0 votre collecte de fonds par le personnel de la Fondation du CHEO par l&rsquo;entremise de notre syst\u00e8me s\u00e9curis\u00e9. Les donateurs dont le nom figure sur le ch\u00e8que recevront un re\u00e7u dans la semaine suivant la r\u00e9ception par la Fondation du CHEO de l&rsquo;information les concernant, si les fonds sont re\u00e7us avant l&rsquo;\u00e9v\u00e9nement. N&rsquo;oubliez pas de rappeler \u00e0 vos donateurs que m\u00eame si certains ch\u00e8ques personnels n&rsquo;incluent pas d&rsquo;adresse postale, cette information est n\u00e9cessaire pour qu&rsquo;ils puissent recevoir un re\u00e7u aux fins de l&rsquo;imp\u00f4t.<\/p>\n\n\n\n<p><strong>Envoyez le <a href=\"https:\/\/cncycle.cheofoundation.com\/wp-content\/uploads\/sites\/2\/2026\/04\/CNC_2026_Offline_Pledge_Form_FR.pdf\" target=\"_blank\" rel=\"noreferrer noopener\">formulaire de don hors ligne<\/a> accompagn\u00e9 des ch\u00e8ques \u00e0 l&rsquo;adresse postale ci-dessous.<\/strong><\/p>\n\n\n\n<p>A l&rsquo;attention de Marc B\u00e9langer<\/p>\n\n\n\n<p>Fondation du CHEO<br\/>415, chemin Smyth<br\/>Ottawa, ON\u2028K1H 8M8<\/p>\n\n\n\n<p><strong>Comment soumettre des dons lors de la cueillette des dossards <\/strong><\/p>\n\n\n\n<p>Vous pouvez apporter les dons re\u00e7us par ch\u00e8que, ainsi que le formulaire de promesse de don hors ligne, lors du retrait de votre dossard. Le total des fonds recueillis augmentera pour atteindre l&rsquo;objectif que vous vous \u00eates fix\u00e9 pour l&rsquo;\u00e9v\u00e9nement une fois que le personnel de la Fondation du CHEO aura entr\u00e9 les dons dans le syst\u00e8me s\u00e9curis\u00e9.<\/p>\n<\/div>\n<\/div>\n\n<hr class=\"wp-block-separator has-text-color has-red-color has-alpha-channel-opacity has-red-background-color has-background\"\/>\n\n<div style=\"height:100px\" aria-hidden=\"true\" class=\"wp-block-spacer\"><\/div>\n","protected":false},"excerpt":{"rendered":"<p>Dons hors-ligne Vous pouvez inclure les dons en esp\u00e8ces dans le total de votre collecte de fonds en prenant l&rsquo;argent et en utilisant votre carte de cr\u00e9dit ou votre ch\u00e8que personnel pour payer le montant du don. Payer par carte de cr\u00e9dit Remarque: le re\u00e7u sera \u00e9mis au nom du titulaire de la carte de&#8230;<\/p>\n","protected":false},"author":1,"featured_media":327,"parent":490,"menu_order":4,"comment_status":"closed","ping_status":"closed","template":"","meta":{"footnotes":""},"class_list":["post-476","page","type-page","status-publish","has-post-thumbnail","hentry"],"yoast_head":"<!-- This site is optimized with the Yoast SEO plugin v27.5 - https:\/\/yoast.com\/product\/yoast-seo-wordpress\/ -->\n<title>CN Cycle for CHEO | Dons<\/title>\n<meta name=\"description\" content=\"Appuyez le D\u00e9fi CN pour le CHEO en faisant un don! Aidez \u00e0 financer les traitements et la recherche essentiels en mati\u00e8re d\u2019oncologie et ligne ou par ch\u00e8que d\u00e8s aujourd\u2019hui.\" \/>\n<meta name=\"robots\" content=\"index, follow, max-snippet:-1, max-image-preview:large, max-video-preview:-1\" \/>\n<link rel=\"canonical\" href=\"https:\/\/cncycle.cheofoundation.com\/fr\/collecte-de-fonds\/dons\/\" \/>\n<meta property=\"og:locale\" content=\"fr_FR\" \/>\n<meta property=\"og:type\" content=\"article\" \/>\n<meta property=\"og:title\" content=\"CN Cycle for CHEO | Dons\" \/>\n<meta property=\"og:description\" content=\"Appuyez le D\u00e9fi CN pour le CHEO en faisant un don! Aidez \u00e0 financer les traitements et la recherche essentiels en mati\u00e8re d\u2019oncologie et ligne ou par ch\u00e8que d\u00e8s aujourd\u2019hui.\" \/>\n<meta property=\"og:url\" content=\"https:\/\/cncycle.cheofoundation.com\/fr\/collecte-de-fonds\/dons\/\" \/>\n<meta property=\"og:site_name\" content=\"CN Cycle for CHEO\" \/>\n<meta property=\"article:publisher\" content=\"https:\/\/www.facebook.com\/CHEOkids\/\" \/>\n<meta property=\"article:modified_time\" content=\"2026-04-16T15:05:56+00:00\" \/>\n<meta property=\"og:image\" content=\"https:\/\/cncycle.cheofoundation.com\/wp-content\/uploads\/sites\/2\/2024\/12\/Fundraise-1320x460.png\" \/>\n\t<meta property=\"og:image:width\" content=\"1320\" \/>\n\t<meta property=\"og:image:height\" content=\"460\" \/>\n\t<meta property=\"og:image:type\" content=\"image\/png\" \/>\n<meta name=\"twitter:card\" content=\"summary_large_image\" \/>\n<meta name=\"twitter:label1\" content=\"Est. reading time\" \/>\n\t<meta name=\"twitter:data1\" content=\"3 minutes\" \/>\n<script type=\"application\/ld+json\" class=\"yoast-schema-graph\">{\"@context\":\"https:\\\/\\\/schema.org\",\"@graph\":[{\"@type\":\"WebPage\",\"@id\":\"https:\\\/\\\/cncycle.cheofoundation.com\\\/fr\\\/collecte-de-fonds\\\/dons\\\/\",\"url\":\"https:\\\/\\\/cncycle.cheofoundation.com\\\/fr\\\/collecte-de-fonds\\\/dons\\\/\",\"name\":\"CN Cycle for CHEO | Dons\",\"isPartOf\":{\"@id\":\"https:\\\/\\\/cncycle.cheofoundation.com\\\/fr\\\/#website\"},\"primaryImageOfPage\":{\"@id\":\"https:\\\/\\\/cncycle.cheofoundation.com\\\/fr\\\/collecte-de-fonds\\\/dons\\\/#primaryimage\"},\"image\":{\"@id\":\"https:\\\/\\\/cncycle.cheofoundation.com\\\/fr\\\/collecte-de-fonds\\\/dons\\\/#primaryimage\"},\"thumbnailUrl\":\"https:\\\/\\\/cncycle.cheofoundation.com\\\/wp-content\\\/uploads\\\/sites\\\/2\\\/2024\\\/12\\\/Fundraise.png\",\"datePublished\":\"2024-11-21T21:52:37+00:00\",\"dateModified\":\"2026-04-16T15:05:56+00:00\",\"description\":\"Appuyez le D\u00e9fi CN pour le CHEO en faisant un don! Aidez \u00e0 financer les traitements et la recherche essentiels en mati\u00e8re d\u2019oncologie et ligne ou par ch\u00e8que d\u00e8s aujourd\u2019hui.\",\"breadcrumb\":{\"@id\":\"https:\\\/\\\/cncycle.cheofoundation.com\\\/fr\\\/collecte-de-fonds\\\/dons\\\/#breadcrumb\"},\"inLanguage\":\"fr-FR\",\"potentialAction\":[{\"@type\":\"ReadAction\",\"target\":[\"https:\\\/\\\/cncycle.cheofoundation.com\\\/fr\\\/collecte-de-fonds\\\/dons\\\/\"]}]},{\"@type\":\"ImageObject\",\"inLanguage\":\"fr-FR\",\"@id\":\"https:\\\/\\\/cncycle.cheofoundation.com\\\/fr\\\/collecte-de-fonds\\\/dons\\\/#primaryimage\",\"url\":\"https:\\\/\\\/cncycle.cheofoundation.com\\\/wp-content\\\/uploads\\\/sites\\\/2\\\/2024\\\/12\\\/Fundraise.png\",\"contentUrl\":\"https:\\\/\\\/cncycle.cheofoundation.com\\\/wp-content\\\/uploads\\\/sites\\\/2\\\/2024\\\/12\\\/Fundraise.png\",\"width\":4096,\"height\":1426},{\"@type\":\"BreadcrumbList\",\"@id\":\"https:\\\/\\\/cncycle.cheofoundation.com\\\/fr\\\/collecte-de-fonds\\\/dons\\\/#breadcrumb\",\"itemListElement\":[{\"@type\":\"ListItem\",\"position\":1,\"name\":\"Home\",\"item\":\"https:\\\/\\\/cncycle.cheofoundation.com\\\/fr\\\/\"},{\"@type\":\"ListItem\",\"position\":2,\"name\":\"Collecte de fonds\",\"item\":\"https:\\\/\\\/cncycle.cheofoundation.com\\\/fr\\\/collecte-de-fonds\\\/\"},{\"@type\":\"ListItem\",\"position\":3,\"name\":\"Dons\"}]},{\"@type\":\"WebSite\",\"@id\":\"https:\\\/\\\/cncycle.cheofoundation.com\\\/fr\\\/#website\",\"url\":\"https:\\\/\\\/cncycle.cheofoundation.com\\\/fr\\\/\",\"name\":\"CN Cycle for CHEO\",\"description\":\"\",\"publisher\":{\"@id\":\"https:\\\/\\\/cncycle.cheofoundation.com\\\/fr\\\/#organization\"},\"potentialAction\":[{\"@type\":\"SearchAction\",\"target\":{\"@type\":\"EntryPoint\",\"urlTemplate\":\"https:\\\/\\\/cncycle.cheofoundation.com\\\/fr\\\/?s={search_term_string}\"},\"query-input\":{\"@type\":\"PropertyValueSpecification\",\"valueRequired\":true,\"valueName\":\"search_term_string\"}}],\"inLanguage\":\"fr-FR\"},{\"@type\":\"Organization\",\"@id\":\"https:\\\/\\\/cncycle.cheofoundation.com\\\/fr\\\/#organization\",\"name\":\"CN Cycle for CHEO\",\"url\":\"https:\\\/\\\/cncycle.cheofoundation.com\\\/fr\\\/\",\"logo\":{\"@type\":\"ImageObject\",\"inLanguage\":\"fr-FR\",\"@id\":\"https:\\\/\\\/cncycle.cheofoundation.com\\\/fr\\\/#\\\/schema\\\/logo\\\/image\\\/\",\"url\":\"https:\\\/\\\/cncycle.cheofoundation.com\\\/wp-content\\\/uploads\\\/sites\\\/2\\\/2025\\\/02\\\/CN-cycle-stacked.png\",\"contentUrl\":\"https:\\\/\\\/cncycle.cheofoundation.com\\\/wp-content\\\/uploads\\\/sites\\\/2\\\/2025\\\/02\\\/CN-cycle-stacked.png\",\"width\":648,\"height\":489,\"caption\":\"CN Cycle for CHEO\"},\"image\":{\"@id\":\"https:\\\/\\\/cncycle.cheofoundation.com\\\/fr\\\/#\\\/schema\\\/logo\\\/image\\\/\"},\"sameAs\":[\"https:\\\/\\\/www.facebook.com\\\/CHEOkids\\\/\",\"https:\\\/\\\/www.youtube.com\\\/user\\\/CHEOvideos\",\"https:\\\/\\\/www.linkedin.com\\\/company\\\/cheo-ottawa\\\/\",\"https:\\\/\\\/www.instagram.com\\\/cheohospital\\\/\"]}]}<\/script>\n<!-- \/ Yoast SEO plugin. -->","yoast_head_json":{"title":"CN Cycle for CHEO | Dons","description":"Appuyez le D\u00e9fi CN pour le CHEO en faisant un don! Aidez \u00e0 financer les traitements et la recherche essentiels en mati\u00e8re d\u2019oncologie et ligne ou par ch\u00e8que d\u00e8s aujourd\u2019hui.","robots":{"index":"index","follow":"follow","max-snippet":"max-snippet:-1","max-image-preview":"max-image-preview:large","max-video-preview":"max-video-preview:-1"},"canonical":"https:\/\/cncycle.cheofoundation.com\/fr\/collecte-de-fonds\/dons\/","og_locale":"fr_FR","og_type":"article","og_title":"CN Cycle for CHEO | Dons","og_description":"Appuyez le D\u00e9fi CN pour le CHEO en faisant un don! Aidez \u00e0 financer les traitements et la recherche essentiels en mati\u00e8re d\u2019oncologie et ligne ou par ch\u00e8que d\u00e8s aujourd\u2019hui.","og_url":"https:\/\/cncycle.cheofoundation.com\/fr\/collecte-de-fonds\/dons\/","og_site_name":"CN Cycle for CHEO","article_publisher":"https:\/\/www.facebook.com\/CHEOkids\/","article_modified_time":"2026-04-16T15:05:56+00:00","og_image":[{"width":1320,"height":460,"url":"https:\/\/cncycle.cheofoundation.com\/wp-content\/uploads\/sites\/2\/2024\/12\/Fundraise-1320x460.png","type":"image\/png"}],"twitter_card":"summary_large_image","twitter_misc":{"Est. reading time":"3 minutes"},"schema":{"@context":"https:\/\/schema.org","@graph":[{"@type":"WebPage","@id":"https:\/\/cncycle.cheofoundation.com\/fr\/collecte-de-fonds\/dons\/","url":"https:\/\/cncycle.cheofoundation.com\/fr\/collecte-de-fonds\/dons\/","name":"CN Cycle for CHEO | Dons","isPartOf":{"@id":"https:\/\/cncycle.cheofoundation.com\/fr\/#website"},"primaryImageOfPage":{"@id":"https:\/\/cncycle.cheofoundation.com\/fr\/collecte-de-fonds\/dons\/#primaryimage"},"image":{"@id":"https:\/\/cncycle.cheofoundation.com\/fr\/collecte-de-fonds\/dons\/#primaryimage"},"thumbnailUrl":"https:\/\/cncycle.cheofoundation.com\/wp-content\/uploads\/sites\/2\/2024\/12\/Fundraise.png","datePublished":"2024-11-21T21:52:37+00:00","dateModified":"2026-04-16T15:05:56+00:00","description":"Appuyez le D\u00e9fi CN pour le CHEO en faisant un don! Aidez \u00e0 financer les traitements et la recherche essentiels en mati\u00e8re d\u2019oncologie et ligne ou par ch\u00e8que d\u00e8s aujourd\u2019hui.","breadcrumb":{"@id":"https:\/\/cncycle.cheofoundation.com\/fr\/collecte-de-fonds\/dons\/#breadcrumb"},"inLanguage":"fr-FR","potentialAction":[{"@type":"ReadAction","target":["https:\/\/cncycle.cheofoundation.com\/fr\/collecte-de-fonds\/dons\/"]}]},{"@type":"ImageObject","inLanguage":"fr-FR","@id":"https:\/\/cncycle.cheofoundation.com\/fr\/collecte-de-fonds\/dons\/#primaryimage","url":"https:\/\/cncycle.cheofoundation.com\/wp-content\/uploads\/sites\/2\/2024\/12\/Fundraise.png","contentUrl":"https:\/\/cncycle.cheofoundation.com\/wp-content\/uploads\/sites\/2\/2024\/12\/Fundraise.png","width":4096,"height":1426},{"@type":"BreadcrumbList","@id":"https:\/\/cncycle.cheofoundation.com\/fr\/collecte-de-fonds\/dons\/#breadcrumb","itemListElement":[{"@type":"ListItem","position":1,"name":"Home","item":"https:\/\/cncycle.cheofoundation.com\/fr\/"},{"@type":"ListItem","position":2,"name":"Collecte de fonds","item":"https:\/\/cncycle.cheofoundation.com\/fr\/collecte-de-fonds\/"},{"@type":"ListItem","position":3,"name":"Dons"}]},{"@type":"WebSite","@id":"https:\/\/cncycle.cheofoundation.com\/fr\/#website","url":"https:\/\/cncycle.cheofoundation.com\/fr\/","name":"CN Cycle for CHEO","description":"","publisher":{"@id":"https:\/\/cncycle.cheofoundation.com\/fr\/#organization"},"potentialAction":[{"@type":"SearchAction","target":{"@type":"EntryPoint","urlTemplate":"https:\/\/cncycle.cheofoundation.com\/fr\/?s={search_term_string}"},"query-input":{"@type":"PropertyValueSpecification","valueRequired":true,"valueName":"search_term_string"}}],"inLanguage":"fr-FR"},{"@type":"Organization","@id":"https:\/\/cncycle.cheofoundation.com\/fr\/#organization","name":"CN Cycle for CHEO","url":"https:\/\/cncycle.cheofoundation.com\/fr\/","logo":{"@type":"ImageObject","inLanguage":"fr-FR","@id":"https:\/\/cncycle.cheofoundation.com\/fr\/#\/schema\/logo\/image\/","url":"https:\/\/cncycle.cheofoundation.com\/wp-content\/uploads\/sites\/2\/2025\/02\/CN-cycle-stacked.png","contentUrl":"https:\/\/cncycle.cheofoundation.com\/wp-content\/uploads\/sites\/2\/2025\/02\/CN-cycle-stacked.png","width":648,"height":489,"caption":"CN Cycle for CHEO"},"image":{"@id":"https:\/\/cncycle.cheofoundation.com\/fr\/#\/schema\/logo\/image\/"},"sameAs":["https:\/\/www.facebook.com\/CHEOkids\/","https:\/\/www.youtube.com\/user\/CHEOvideos","https:\/\/www.linkedin.com\/company\/cheo-ottawa\/","https:\/\/www.instagram.com\/cheohospital\/"]}]}},"_links":{"self":[{"href":"https:\/\/cncycle.cheofoundation.com\/fr\/wp-json\/wp\/v2\/pages\/476","targetHints":{"allow":["GET"]}}],"collection":[{"href":"https:\/\/cncycle.cheofoundation.com\/fr\/wp-json\/wp\/v2\/pages"}],"about":[{"href":"https:\/\/cncycle.cheofoundation.com\/fr\/wp-json\/wp\/v2\/types\/page"}],"author":[{"embeddable":true,"href":"https:\/\/cncycle.cheofoundation.com\/fr\/wp-json\/wp\/v2\/users\/1"}],"replies":[{"embeddable":true,"href":"https:\/\/cncycle.cheofoundation.com\/fr\/wp-json\/wp\/v2\/comments?post=476"}],"version-history":[{"count":0,"href":"https:\/\/cncycle.cheofoundation.com\/fr\/wp-json\/wp\/v2\/pages\/476\/revisions"}],"up":[{"embeddable":true,"href":"https:\/\/cncycle.cheofoundation.com\/fr\/wp-json\/wp\/v2\/pages\/490"}],"wp:featuredmedia":[{"embeddable":true,"href":"https:\/\/cncycle.cheofoundation.com\/fr\/wp-json\/wp\/v2\/media\/327"}],"wp:attachment":[{"href":"https:\/\/cncycle.cheofoundation.com\/fr\/wp-json\/wp\/v2\/media?parent=476"}],"curies":[{"name":"wp","href":"https:\/\/api.w.org\/{rel}","templated":true}]}}