{"id":494,"date":"2024-11-21T16:51:23","date_gmt":"2024-11-21T21:51:23","guid":{"rendered":"https:\/\/cncycle.cheofoundation.com\/collecte-de-fonds\/inscrire-une-equipe\/"},"modified":"2026-02-11T14:07:50","modified_gmt":"2026-02-11T19:07:50","slug":"inscrire-une-equipe","status":"publish","type":"page","link":"https:\/\/cncycle.cheofoundation.com\/fr\/collecte-de-fonds\/inscrire-une-equipe\/","title":{"rendered":"Inscrire une \u00e9quipe"},"content":{"rendered":"\n<p class=\"has-text-align-center intro-content narrow-width\" style=\"padding-right:20rem;padding-left:20rem;font-size:18px\">Rassemblez vos amis, votre famille ou vos coll\u00e8gues de travail et formez une \u00e9quipe pour aider \u00e0 transformer les soins et la recherche en oncologie au CHEO. <\/p>\n\n<div class=\"wp-block-buttons is-content-justification-center is-layout-flex wp-container-core-buttons-is-layout-a89b3969 wp-block-buttons-is-layout-flex\">\n<div class=\"wp-block-button\"><a class=\"wp-block-button__link has-yellow-background-color has-background wp-element-button\" href=\"https:\/\/cheofoundation.donordrive.com\/?fuseaction=register.start&amp;eventID=824&amp;language=fr\" target=\"_blank\" rel=\"noreferrer noopener\">Inscription<\/a><\/div>\n<\/div>\n\n<div style=\"height:50px\" aria-hidden=\"true\" class=\"wp-block-spacer\"><\/div>\n\n<h2 class=\"wp-block-heading screen-reader-text\">\u00c9tapes pour inscrire une \u00e9quipe<\/h2>\n\n<div class=\"wp-block-group is-layout-constrained wp-block-group-is-layout-constrained\">\n<div class=\"wp-block-group custom-row-wrapper cols-3 is-layout-constrained wp-block-group-is-layout-constrained\">\n<div class=\"wp-block-group custom-row-wrapper cols-3 is-layout-constrained wp-block-group-is-layout-constrained\">\n<div class=\"wp-block-columns cols-steps is-layout-flex wp-container-core-columns-is-layout-28f84493 wp-block-columns-is-layout-flex\">\n<div class=\"wp-block-column is-layout-flow wp-block-column-is-layout-flow\" style=\"padding-right:var(--wp--preset--spacing--60);padding-left:var(--wp--preset--spacing--60)\">\n<p class=\"has-text-align-center step-number\" style=\"font-size:22px\"><strong>01<\/strong><\/p>\n\n\n\n<h3 class=\"wp-block-heading has-text-align-center\" style=\"font-size:23px\">Former une \u00e9quipe<\/h3>\n\n\n\n<p class=\"has-text-align-center\">Recrutez cinq personnes ou plus dans votre famille, sur votre lieu de travail, dans votre club de cyclisme ou dans votre communaut\u00e9.<\/p>\n<\/div>\n\n\n\n<div class=\"wp-block-column is-layout-flow wp-block-column-is-layout-flow\" style=\"padding-right:var(--wp--preset--spacing--60);padding-left:var(--wp--preset--spacing--60)\">\n<p class=\"has-text-align-center step-number\" style=\"font-size:22px\"><strong>02<\/strong><\/p>\n\n\n\n<h3 class=\"wp-block-heading has-text-align-center\" style=\"font-size:23px\">Fixer un objectif de collecte de fonds <\/h3>\n\n\n\n<p class=\"has-text-align-center\">Nommez un capitaine d&rsquo;\u00e9quipe et inscrivez-vous en s\u00e9lectionnant \u00ab Cr\u00e9er une \u00e9quipe \u00bb au cours de la proc\u00e9dure d&rsquo;inscription.<\/p>\n<\/div>\n\n\n\n<div class=\"wp-block-column is-layout-flow wp-block-column-is-layout-flow\" style=\"padding-right:var(--wp--preset--spacing--60);padding-left:var(--wp--preset--spacing--60)\">\n<p class=\"has-text-align-center step-number\" style=\"font-size:22px\"><strong>03<\/strong><\/p>\n\n\n\n<h3 class=\"wp-block-heading has-text-align-center\" style=\"font-size:23px\">S\u00e9lectionnez un type d&rsquo;\u00e9quipe<\/h3>\n\n\n\n<p class=\"has-text-align-center\">Choisissez de d\u00e9signer votre groupe comme une \u00e9quipe d&rsquo;amis et de membres de la famille ou comme une \u00e9quipe en milieu de travail. <\/p>\n<\/div>\n<\/div>\n\n\n\n<div class=\"wp-block-columns cols-steps is-layout-flex wp-container-core-columns-is-layout-28f84493 wp-block-columns-is-layout-flex\">\n<div class=\"wp-block-column is-layout-flow wp-block-column-is-layout-flow\" style=\"padding-right:var(--wp--preset--spacing--60);padding-left:var(--wp--preset--spacing--60)\">\n<p class=\"has-text-align-center step-number\" style=\"font-size:22px\"><strong>04<\/strong><\/p>\n\n\n\n<h3 class=\"wp-block-heading has-text-align-center\" style=\"font-size:23px\">Commencez \u00e0 amasser des fonds<\/h3>\n\n\n\n<p class=\"has-text-align-center\">Chaque membre invit\u00e9 dans l&rsquo;\u00e9quipe doit s&rsquo;inscrire individuellement pour la rejoindre, et sa collecte de fonds individuelle contribue au total de l&rsquo;\u00e9quipe!<\/p>\n<\/div>\n\n\n\n<div class=\"wp-block-column is-layout-flow wp-block-column-is-layout-flow\" style=\"padding-right:var(--wp--preset--spacing--60);padding-left:var(--wp--preset--spacing--60)\">\n<p class=\"has-text-align-center step-number\" style=\"font-size:22px\"><strong>05<\/strong><\/p>\n\n\n\n<h3 class=\"wp-block-heading has-text-align-center\" style=\"font-size:23px\">Remettre les promesses de dons<\/h3>\n\n\n\n<p class=\"has-text-align-center\">Le capitaine de l&rsquo;\u00e9quipe sera charg\u00e9 de remettre les formulaires de promesse de don d\u00fbment remplis et de r\u00e9cup\u00e9rer les kits de l&rsquo;\u00e9quipe, y compris les dossards et les prix.<\/p>\n<\/div>\n<\/div>\n<\/div>\n\n\n\n<div style=\"height:15px\" aria-hidden=\"true\" class=\"wp-block-spacer\"><\/div>\n<\/div>\n<\/div>\n\n<div style=\"height:61px\" aria-hidden=\"true\" class=\"wp-block-spacer\"><\/div>\n\n<div class=\"wp-block-media-text is-stacked-on-mobile\"><figure class=\"wp-block-media-text__media\"><img loading=\"lazy\" decoding=\"async\" width=\"1320\" height=\"881\" src=\"https:\/\/cncycle.cheofoundation.com\/wp-content\/uploads\/sites\/2\/2024\/12\/Family-and-Friends-1320x881.jpg\" alt=\"\" class=\"wp-image-349 size-full\" srcset=\"https:\/\/cncycle.cheofoundation.com\/wp-content\/uploads\/sites\/2\/2024\/12\/Family-and-Friends-1320x881.jpg 1320w, https:\/\/cncycle.cheofoundation.com\/wp-content\/uploads\/sites\/2\/2024\/12\/Family-and-Friends-660x441.jpg 660w, https:\/\/cncycle.cheofoundation.com\/wp-content\/uploads\/sites\/2\/2024\/12\/Family-and-Friends-768x513.jpg 768w, https:\/\/cncycle.cheofoundation.com\/wp-content\/uploads\/sites\/2\/2024\/12\/Family-and-Friends-1536x1025.jpg 1536w, https:\/\/cncycle.cheofoundation.com\/wp-content\/uploads\/sites\/2\/2024\/12\/Family-and-Friends-2048x1367.jpg 2048w\" sizes=\"auto, (max-width: 1320px) 100vw, 1320px\" \/><\/figure><div class=\"wp-block-media-text__content\">\n<h2 class=\"wp-block-heading has-purple-color has-text-color has-link-color wp-elements-0b741fa779d8e8366f5329c5a4bc9bb5\">\u00c9quipes familles et amis<\/h2>\n\n\n\n<p style=\"font-size:18px\">Rassemblez votre communaut\u00e9 pour avoir un impact significatif dans la vie des enfants, des adolescents et des familles du CHEO. Votre appui, peu importe son importance, permet d&rsquo;offrir des soins transformateurs et de l&rsquo;espoir aux patients en oncologie du CHEO. <\/p>\n\n\n\n<div class=\"wp-block-buttons is-layout-flex wp-block-buttons-is-layout-flex\">\n<div class=\"wp-block-button\"><a class=\"wp-block-button__link has-yellow-background-color has-background wp-element-button\" href=\"https:\/\/cheofoundation.donordrive.com\/?fuseaction=register.start&amp;eventID=824&amp;language=fr\" target=\"_blank\" rel=\"noreferrer noopener\">Inscription<\/a><\/div>\n<\/div>\n<\/div><\/div>\n\n<div class=\"wp-block-media-text has-media-on-the-right is-stacked-on-mobile\"><div class=\"wp-block-media-text__content\">\n<h2 class=\"wp-block-heading has-purple-color has-text-color has-link-color wp-elements-75bb7e308418c62ade90ae2fc6662e87\">\u00c9quipes en milieu de travail<\/h2>\n\n\n\n<p style=\"font-size:18px\">Que vous ayez cinq ou 500 employ\u00e9s, c&rsquo;est un excellent moyen de renforcer l&rsquo;esprit d&rsquo;\u00e9quipe et la camaraderie entre coll\u00e8gues. <\/p>\n\n\n\n<p style=\"font-size:18px\">Avec un don d&rsquo;entreprise d&rsquo;au moins 500 dollars, votre \u00e9quipe b\u00e9n\u00e9ficie d&rsquo;une inscription gratuite pour 10 membres, d&rsquo;une reconnaissance de son logo sur le site web et d&rsquo;une pr\u00e9sentation de lancement personnalis\u00e9e. Vous recevrez \u00e9galement un kit de ressources, du mat\u00e9riel promotionnel, un soutien continu pour atteindre vos objectifs de collecte de fonds et la possibilit\u00e9 de gagner des prix pour la collecte de fonds.<\/p>\n\n\n\n<p style=\"font-size:18px\">Pour plus d&rsquo;informations, contactez \u00e0 l&rsquo;adresse <strong><a href=\"mailto:teamsupport@cheofoundation.com\">teamsupport@cheofoundation.com<\/a><\/strong>.<\/p>\n\n\n\n<div class=\"wp-block-buttons is-layout-flex wp-block-buttons-is-layout-flex\">\n<div class=\"wp-block-button\"><a class=\"wp-block-button__link has-yellow-background-color has-background wp-element-button\" href=\"https:\/\/cheofoundation.donordrive.com\/?fuseaction=register.start&amp;eventID=824&amp;language=fr\" target=\"_blank\" rel=\"noreferrer noopener\">Inscription<\/a><\/div>\n<\/div>\n<\/div><figure class=\"wp-block-media-text__media\"><img loading=\"lazy\" decoding=\"async\" width=\"1320\" height=\"881\" src=\"https:\/\/cncycle.cheofoundation.com\/wp-content\/uploads\/sites\/2\/2024\/12\/Workplace-teams-1320x881.jpg\" alt=\"\" class=\"wp-image-354 size-full\" srcset=\"https:\/\/cncycle.cheofoundation.com\/wp-content\/uploads\/sites\/2\/2024\/12\/Workplace-teams-1320x881.jpg 1320w, https:\/\/cncycle.cheofoundation.com\/wp-content\/uploads\/sites\/2\/2024\/12\/Workplace-teams-660x441.jpg 660w, https:\/\/cncycle.cheofoundation.com\/wp-content\/uploads\/sites\/2\/2024\/12\/Workplace-teams-768x513.jpg 768w, https:\/\/cncycle.cheofoundation.com\/wp-content\/uploads\/sites\/2\/2024\/12\/Workplace-teams-1536x1025.jpg 1536w, https:\/\/cncycle.cheofoundation.com\/wp-content\/uploads\/sites\/2\/2024\/12\/Workplace-teams-2048x1367.jpg 2048w\" sizes=\"auto, (max-width: 1320px) 100vw, 1320px\" \/><\/figure><\/div>\n\n<div class=\"wp-block-media-text is-stacked-on-mobile\"><figure class=\"wp-block-media-text__media\"><img loading=\"lazy\" decoding=\"async\" width=\"1128\" height=\"846\" src=\"https:\/\/cncycle.cheofoundation.com\/wp-content\/uploads\/sites\/2\/2025\/02\/CN-Team-Prize-.jpg\" alt=\"\" class=\"wp-image-862 size-full\" srcset=\"https:\/\/cncycle.cheofoundation.com\/wp-content\/uploads\/sites\/2\/2025\/02\/CN-Team-Prize-.jpg 1128w, https:\/\/cncycle.cheofoundation.com\/wp-content\/uploads\/sites\/2\/2025\/02\/CN-Team-Prize--660x495.jpg 660w, https:\/\/cncycle.cheofoundation.com\/wp-content\/uploads\/sites\/2\/2025\/02\/CN-Team-Prize--768x576.jpg 768w\" sizes=\"auto, (max-width: 1128px) 100vw, 1128px\" \/><\/figure><div class=\"wp-block-media-text__content\">\n<h2 class=\"wp-block-heading has-purple-color has-text-color has-link-color wp-elements-bba1ef8cd10a6bc9e36f78a1d2323678\">Prix pour les \u00e9quipes<\/h2>\n\n\n\n<p>Les trois meilleures \u00e9quipes de collecte de fonds dans chaque cat\u00e9gorie gagneront un prix! Les membres de l&rsquo;\u00e9quipe peuvent \u00e9galement recevoir des prix individuels en fonction de leur collecte de fonds.<\/p>\n\n\n\n<div class=\"wp-block-buttons is-layout-flex wp-block-buttons-is-layout-flex\">\n<div class=\"wp-block-button\"><a class=\"wp-block-button__link wp-element-button\" href=\"https:\/\/cncycle.cheofoundation.com\/fr\/collecte-de-fonds\/prix\/\">Voir les prix<\/a><\/div>\n<\/div>\n<\/div><\/div>\n\n<p><\/p>\n","protected":false},"excerpt":{"rendered":"<p>Rassemblez vos amis, votre famille ou vos coll\u00e8gues de travail et formez une \u00e9quipe pour aider \u00e0 transformer les soins et la recherche en oncologie au CHEO. \u00c9tapes pour inscrire une \u00e9quipe 01 Former une \u00e9quipe Recrutez cinq personnes ou plus dans votre famille, sur votre lieu de travail, dans votre club de cyclisme ou&#8230;<\/p>\n","protected":false},"author":1,"featured_media":327,"parent":490,"menu_order":1,"comment_status":"closed","ping_status":"closed","template":"","meta":{"footnotes":""},"class_list":["post-494","page","type-page","status-publish","has-post-thumbnail","hentry"],"yoast_head":"<!-- This site is optimized with the Yoast SEO plugin v27.4 - https:\/\/yoast.com\/product\/yoast-seo-wordpress\/ -->\n<title>CN Cycle for CHEO | Inscrire une \u00e9quipe<\/title>\n<meta name=\"description\" content=\"Inscrivez une \u00e9quipe au D\u00e9fi CN pour le CHEO! Rassemblez des amis, des membres de votre famille ou des coll\u00e8gues de travail afin d\u2019appuyer les soins et la recherche en oncologie p\u00e9diatrique. Faites la comp\u00e9tition pour gagner des prix et faire une diff\u00e9rence.\" \/>\n<meta name=\"robots\" content=\"index, follow, max-snippet:-1, max-image-preview:large, max-video-preview:-1\" \/>\n<link rel=\"canonical\" href=\"https:\/\/cncycle.cheofoundation.com\/fr\/collecte-de-fonds\/inscrire-une-equipe\/\" \/>\n<meta property=\"og:locale\" content=\"fr_FR\" \/>\n<meta property=\"og:type\" content=\"article\" \/>\n<meta property=\"og:title\" content=\"CN Cycle for CHEO | Inscrire une \u00e9quipe\" \/>\n<meta property=\"og:description\" content=\"Inscrivez une \u00e9quipe au D\u00e9fi CN pour le CHEO! Rassemblez des amis, des membres de votre famille ou des coll\u00e8gues de travail afin d\u2019appuyer les soins et la recherche en oncologie p\u00e9diatrique. Faites la comp\u00e9tition pour gagner des prix et faire une diff\u00e9rence.\" \/>\n<meta property=\"og:url\" content=\"https:\/\/cncycle.cheofoundation.com\/fr\/collecte-de-fonds\/inscrire-une-equipe\/\" \/>\n<meta property=\"og:site_name\" content=\"CN Cycle for CHEO\" \/>\n<meta property=\"article:publisher\" content=\"https:\/\/www.facebook.com\/CHEOkids\/\" \/>\n<meta property=\"article:modified_time\" content=\"2026-02-11T19:07:50+00:00\" \/>\n<meta property=\"og:image\" content=\"https:\/\/cncycle.cheofoundation.com\/wp-content\/uploads\/sites\/2\/2024\/12\/Fundraise-1320x460.png\" \/>\n\t<meta property=\"og:image:width\" content=\"1320\" \/>\n\t<meta property=\"og:image:height\" content=\"460\" \/>\n\t<meta property=\"og:image:type\" content=\"image\/png\" \/>\n<meta name=\"twitter:card\" content=\"summary_large_image\" \/>\n<meta name=\"twitter:label1\" content=\"Est. reading time\" \/>\n\t<meta name=\"twitter:data1\" content=\"3 minutes\" \/>\n<script type=\"application\/ld+json\" class=\"yoast-schema-graph\">{\"@context\":\"https:\\\/\\\/schema.org\",\"@graph\":[{\"@type\":\"WebPage\",\"@id\":\"https:\\\/\\\/cncycle.cheofoundation.com\\\/fr\\\/collecte-de-fonds\\\/inscrire-une-equipe\\\/\",\"url\":\"https:\\\/\\\/cncycle.cheofoundation.com\\\/fr\\\/collecte-de-fonds\\\/inscrire-une-equipe\\\/\",\"name\":\"CN Cycle for CHEO | Inscrire une \u00e9quipe\",\"isPartOf\":{\"@id\":\"https:\\\/\\\/cncycle.cheofoundation.com\\\/fr\\\/#website\"},\"primaryImageOfPage\":{\"@id\":\"https:\\\/\\\/cncycle.cheofoundation.com\\\/fr\\\/collecte-de-fonds\\\/inscrire-une-equipe\\\/#primaryimage\"},\"image\":{\"@id\":\"https:\\\/\\\/cncycle.cheofoundation.com\\\/fr\\\/collecte-de-fonds\\\/inscrire-une-equipe\\\/#primaryimage\"},\"thumbnailUrl\":\"https:\\\/\\\/cncycle.cheofoundation.com\\\/wp-content\\\/uploads\\\/sites\\\/2\\\/2024\\\/12\\\/Fundraise.png\",\"datePublished\":\"2024-11-21T21:51:23+00:00\",\"dateModified\":\"2026-02-11T19:07:50+00:00\",\"description\":\"Inscrivez une \u00e9quipe au D\u00e9fi CN pour le CHEO! Rassemblez des amis, des membres de votre famille ou des coll\u00e8gues de travail afin d\u2019appuyer les soins et la recherche en oncologie p\u00e9diatrique. Faites la comp\u00e9tition pour gagner des prix et faire une diff\u00e9rence.\",\"breadcrumb\":{\"@id\":\"https:\\\/\\\/cncycle.cheofoundation.com\\\/fr\\\/collecte-de-fonds\\\/inscrire-une-equipe\\\/#breadcrumb\"},\"inLanguage\":\"fr-FR\",\"potentialAction\":[{\"@type\":\"ReadAction\",\"target\":[\"https:\\\/\\\/cncycle.cheofoundation.com\\\/fr\\\/collecte-de-fonds\\\/inscrire-une-equipe\\\/\"]}]},{\"@type\":\"ImageObject\",\"inLanguage\":\"fr-FR\",\"@id\":\"https:\\\/\\\/cncycle.cheofoundation.com\\\/fr\\\/collecte-de-fonds\\\/inscrire-une-equipe\\\/#primaryimage\",\"url\":\"https:\\\/\\\/cncycle.cheofoundation.com\\\/wp-content\\\/uploads\\\/sites\\\/2\\\/2024\\\/12\\\/Fundraise.png\",\"contentUrl\":\"https:\\\/\\\/cncycle.cheofoundation.com\\\/wp-content\\\/uploads\\\/sites\\\/2\\\/2024\\\/12\\\/Fundraise.png\",\"width\":4096,\"height\":1426},{\"@type\":\"BreadcrumbList\",\"@id\":\"https:\\\/\\\/cncycle.cheofoundation.com\\\/fr\\\/collecte-de-fonds\\\/inscrire-une-equipe\\\/#breadcrumb\",\"itemListElement\":[{\"@type\":\"ListItem\",\"position\":1,\"name\":\"Home\",\"item\":\"https:\\\/\\\/cncycle.cheofoundation.com\\\/fr\\\/\"},{\"@type\":\"ListItem\",\"position\":2,\"name\":\"Collecte de fonds\",\"item\":\"https:\\\/\\\/cncycle.cheofoundation.com\\\/fr\\\/collecte-de-fonds\\\/\"},{\"@type\":\"ListItem\",\"position\":3,\"name\":\"Inscrire une \u00e9quipe\"}]},{\"@type\":\"WebSite\",\"@id\":\"https:\\\/\\\/cncycle.cheofoundation.com\\\/fr\\\/#website\",\"url\":\"https:\\\/\\\/cncycle.cheofoundation.com\\\/fr\\\/\",\"name\":\"CN Cycle for CHEO\",\"description\":\"\",\"publisher\":{\"@id\":\"https:\\\/\\\/cncycle.cheofoundation.com\\\/fr\\\/#organization\"},\"potentialAction\":[{\"@type\":\"SearchAction\",\"target\":{\"@type\":\"EntryPoint\",\"urlTemplate\":\"https:\\\/\\\/cncycle.cheofoundation.com\\\/fr\\\/?s={search_term_string}\"},\"query-input\":{\"@type\":\"PropertyValueSpecification\",\"valueRequired\":true,\"valueName\":\"search_term_string\"}}],\"inLanguage\":\"fr-FR\"},{\"@type\":\"Organization\",\"@id\":\"https:\\\/\\\/cncycle.cheofoundation.com\\\/fr\\\/#organization\",\"name\":\"CN Cycle for CHEO\",\"url\":\"https:\\\/\\\/cncycle.cheofoundation.com\\\/fr\\\/\",\"logo\":{\"@type\":\"ImageObject\",\"inLanguage\":\"fr-FR\",\"@id\":\"https:\\\/\\\/cncycle.cheofoundation.com\\\/fr\\\/#\\\/schema\\\/logo\\\/image\\\/\",\"url\":\"https:\\\/\\\/cncycle.cheofoundation.com\\\/wp-content\\\/uploads\\\/sites\\\/2\\\/2025\\\/02\\\/CN-cycle-stacked.png\",\"contentUrl\":\"https:\\\/\\\/cncycle.cheofoundation.com\\\/wp-content\\\/uploads\\\/sites\\\/2\\\/2025\\\/02\\\/CN-cycle-stacked.png\",\"width\":648,\"height\":489,\"caption\":\"CN Cycle for CHEO\"},\"image\":{\"@id\":\"https:\\\/\\\/cncycle.cheofoundation.com\\\/fr\\\/#\\\/schema\\\/logo\\\/image\\\/\"},\"sameAs\":[\"https:\\\/\\\/www.facebook.com\\\/CHEOkids\\\/\",\"https:\\\/\\\/www.youtube.com\\\/user\\\/CHEOvideos\",\"https:\\\/\\\/www.linkedin.com\\\/company\\\/cheo-ottawa\\\/\",\"https:\\\/\\\/www.instagram.com\\\/cheohospital\\\/\"]}]}<\/script>\n<!-- \/ Yoast SEO plugin. -->","yoast_head_json":{"title":"CN Cycle for CHEO | Inscrire une \u00e9quipe","description":"Inscrivez une \u00e9quipe au D\u00e9fi CN pour le CHEO! Rassemblez des amis, des membres de votre famille ou des coll\u00e8gues de travail afin d\u2019appuyer les soins et la recherche en oncologie p\u00e9diatrique. Faites la comp\u00e9tition pour gagner des prix et faire une diff\u00e9rence.","robots":{"index":"index","follow":"follow","max-snippet":"max-snippet:-1","max-image-preview":"max-image-preview:large","max-video-preview":"max-video-preview:-1"},"canonical":"https:\/\/cncycle.cheofoundation.com\/fr\/collecte-de-fonds\/inscrire-une-equipe\/","og_locale":"fr_FR","og_type":"article","og_title":"CN Cycle for CHEO | Inscrire une \u00e9quipe","og_description":"Inscrivez une \u00e9quipe au D\u00e9fi CN pour le CHEO! Rassemblez des amis, des membres de votre famille ou des coll\u00e8gues de travail afin d\u2019appuyer les soins et la recherche en oncologie p\u00e9diatrique. Faites la comp\u00e9tition pour gagner des prix et faire une diff\u00e9rence.","og_url":"https:\/\/cncycle.cheofoundation.com\/fr\/collecte-de-fonds\/inscrire-une-equipe\/","og_site_name":"CN Cycle for CHEO","article_publisher":"https:\/\/www.facebook.com\/CHEOkids\/","article_modified_time":"2026-02-11T19:07:50+00:00","og_image":[{"width":1320,"height":460,"url":"https:\/\/cncycle.cheofoundation.com\/wp-content\/uploads\/sites\/2\/2024\/12\/Fundraise-1320x460.png","type":"image\/png"}],"twitter_card":"summary_large_image","twitter_misc":{"Est. reading time":"3 minutes"},"schema":{"@context":"https:\/\/schema.org","@graph":[{"@type":"WebPage","@id":"https:\/\/cncycle.cheofoundation.com\/fr\/collecte-de-fonds\/inscrire-une-equipe\/","url":"https:\/\/cncycle.cheofoundation.com\/fr\/collecte-de-fonds\/inscrire-une-equipe\/","name":"CN Cycle for CHEO | Inscrire une \u00e9quipe","isPartOf":{"@id":"https:\/\/cncycle.cheofoundation.com\/fr\/#website"},"primaryImageOfPage":{"@id":"https:\/\/cncycle.cheofoundation.com\/fr\/collecte-de-fonds\/inscrire-une-equipe\/#primaryimage"},"image":{"@id":"https:\/\/cncycle.cheofoundation.com\/fr\/collecte-de-fonds\/inscrire-une-equipe\/#primaryimage"},"thumbnailUrl":"https:\/\/cncycle.cheofoundation.com\/wp-content\/uploads\/sites\/2\/2024\/12\/Fundraise.png","datePublished":"2024-11-21T21:51:23+00:00","dateModified":"2026-02-11T19:07:50+00:00","description":"Inscrivez une \u00e9quipe au D\u00e9fi CN pour le CHEO! Rassemblez des amis, des membres de votre famille ou des coll\u00e8gues de travail afin d\u2019appuyer les soins et la recherche en oncologie p\u00e9diatrique. Faites la comp\u00e9tition pour gagner des prix et faire une diff\u00e9rence.","breadcrumb":{"@id":"https:\/\/cncycle.cheofoundation.com\/fr\/collecte-de-fonds\/inscrire-une-equipe\/#breadcrumb"},"inLanguage":"fr-FR","potentialAction":[{"@type":"ReadAction","target":["https:\/\/cncycle.cheofoundation.com\/fr\/collecte-de-fonds\/inscrire-une-equipe\/"]}]},{"@type":"ImageObject","inLanguage":"fr-FR","@id":"https:\/\/cncycle.cheofoundation.com\/fr\/collecte-de-fonds\/inscrire-une-equipe\/#primaryimage","url":"https:\/\/cncycle.cheofoundation.com\/wp-content\/uploads\/sites\/2\/2024\/12\/Fundraise.png","contentUrl":"https:\/\/cncycle.cheofoundation.com\/wp-content\/uploads\/sites\/2\/2024\/12\/Fundraise.png","width":4096,"height":1426},{"@type":"BreadcrumbList","@id":"https:\/\/cncycle.cheofoundation.com\/fr\/collecte-de-fonds\/inscrire-une-equipe\/#breadcrumb","itemListElement":[{"@type":"ListItem","position":1,"name":"Home","item":"https:\/\/cncycle.cheofoundation.com\/fr\/"},{"@type":"ListItem","position":2,"name":"Collecte de fonds","item":"https:\/\/cncycle.cheofoundation.com\/fr\/collecte-de-fonds\/"},{"@type":"ListItem","position":3,"name":"Inscrire une \u00e9quipe"}]},{"@type":"WebSite","@id":"https:\/\/cncycle.cheofoundation.com\/fr\/#website","url":"https:\/\/cncycle.cheofoundation.com\/fr\/","name":"CN Cycle for CHEO","description":"","publisher":{"@id":"https:\/\/cncycle.cheofoundation.com\/fr\/#organization"},"potentialAction":[{"@type":"SearchAction","target":{"@type":"EntryPoint","urlTemplate":"https:\/\/cncycle.cheofoundation.com\/fr\/?s={search_term_string}"},"query-input":{"@type":"PropertyValueSpecification","valueRequired":true,"valueName":"search_term_string"}}],"inLanguage":"fr-FR"},{"@type":"Organization","@id":"https:\/\/cncycle.cheofoundation.com\/fr\/#organization","name":"CN Cycle for CHEO","url":"https:\/\/cncycle.cheofoundation.com\/fr\/","logo":{"@type":"ImageObject","inLanguage":"fr-FR","@id":"https:\/\/cncycle.cheofoundation.com\/fr\/#\/schema\/logo\/image\/","url":"https:\/\/cncycle.cheofoundation.com\/wp-content\/uploads\/sites\/2\/2025\/02\/CN-cycle-stacked.png","contentUrl":"https:\/\/cncycle.cheofoundation.com\/wp-content\/uploads\/sites\/2\/2025\/02\/CN-cycle-stacked.png","width":648,"height":489,"caption":"CN Cycle for CHEO"},"image":{"@id":"https:\/\/cncycle.cheofoundation.com\/fr\/#\/schema\/logo\/image\/"},"sameAs":["https:\/\/www.facebook.com\/CHEOkids\/","https:\/\/www.youtube.com\/user\/CHEOvideos","https:\/\/www.linkedin.com\/company\/cheo-ottawa\/","https:\/\/www.instagram.com\/cheohospital\/"]}]}},"_links":{"self":[{"href":"https:\/\/cncycle.cheofoundation.com\/fr\/wp-json\/wp\/v2\/pages\/494","targetHints":{"allow":["GET"]}}],"collection":[{"href":"https:\/\/cncycle.cheofoundation.com\/fr\/wp-json\/wp\/v2\/pages"}],"about":[{"href":"https:\/\/cncycle.cheofoundation.com\/fr\/wp-json\/wp\/v2\/types\/page"}],"author":[{"embeddable":true,"href":"https:\/\/cncycle.cheofoundation.com\/fr\/wp-json\/wp\/v2\/users\/1"}],"replies":[{"embeddable":true,"href":"https:\/\/cncycle.cheofoundation.com\/fr\/wp-json\/wp\/v2\/comments?post=494"}],"version-history":[{"count":0,"href":"https:\/\/cncycle.cheofoundation.com\/fr\/wp-json\/wp\/v2\/pages\/494\/revisions"}],"up":[{"embeddable":true,"href":"https:\/\/cncycle.cheofoundation.com\/fr\/wp-json\/wp\/v2\/pages\/490"}],"wp:featuredmedia":[{"embeddable":true,"href":"https:\/\/cncycle.cheofoundation.com\/fr\/wp-json\/wp\/v2\/media\/327"}],"wp:attachment":[{"href":"https:\/\/cncycle.cheofoundation.com\/fr\/wp-json\/wp\/v2\/media?parent=494"}],"curies":[{"name":"wp","href":"https:\/\/api.w.org\/{rel}","templated":true}]}}