{"id":540,"date":"2024-12-19T17:45:53","date_gmt":"2024-12-19T22:45:53","guid":{"rendered":"https:\/\/cncycle.cheofoundation.com\/politique-de-confidentialite\/"},"modified":"2025-01-23T10:51:54","modified_gmt":"2025-01-23T15:51:54","slug":"politique-de-confidentialite","status":"publish","type":"page","link":"https:\/\/cncycle.cheofoundation.com\/fr\/politique-de-confidentialite\/","title":{"rendered":"Politique de confidentialit\u00e9"},"content":{"rendered":"\n<ol class=\"wp-block-list\">\n<li><strong>La Fondation<\/strong><br\/>La Fondation du CHEO (la \u00ab Fondation \u00bb) recueille, g\u00e8re et distribue des fonds pour soutenir le CHEO (l\u2019\u00ab h\u00f4pital \u00bb). La Fondation recueille des fonds en sollicitant des dons, en recevant des dons planifi\u00e9s, des legs et des subventions, et en organisant des \u00e9v\u00e9nements sp\u00e9ciaux et des loteries. Les fonds recueillis par la Fondation sont utilis\u00e9s pour : financer la recherche, acheter de nouveaux \u00e9quipements, am\u00e9liorer la nature p\u00e9diatrique de l&rsquo;h\u00f4pital, former le personnel et aider les familles en situation de crise.  <\/li>\n<\/ol>\n\n<ol start=\"2\" class=\"wp-block-list\">\n<li><strong>Engagement en mati\u00e8re de confidentialit\u00e9 des informations personnelles<\/strong><br\/>La Fondation s&rsquo;engage \u00e0 prot\u00e9ger la vie priv\u00e9e de ses donateurs et de ses donateurs potentiels. Cette politique de protection des renseignements personnels (la \u00ab politique \u00bb) est con\u00e7ue pour \u00eatre conforme \u00e0 la l\u00e9gislation applicable, ainsi qu&rsquo;aux lignes directrices \u00e9tablies pour les organismes de bienfaisance, y compris la Charte des droits du donateur et le Code d&rsquo;\u00e9thique et de responsabilit\u00e9 financi\u00e8re de la Fondation, qui sont disponibles sur le site Web de la Fondation ou en contactant l&rsquo;agent de protection de la vie priv\u00e9e de la Fondation du CHEO. <br\/><br\/>Cette politique peut \u00eatre mise \u00e0 jour de temps \u00e0 autre avec des mises \u00e0 jour approuv\u00e9es par le Conseil d&rsquo;administration de la Fondation pour refl\u00e9ter les d\u00e9veloppements dans nos pratiques, les nouvelles technologies ou la loi. Les mises \u00e0 jour seront disponibles de la m\u00eame fa\u00e7on que la politique. <\/li>\n<\/ol>\n\n<ol start=\"3\" class=\"wp-block-list\">\n<li><strong> Informations personnelles<\/strong><br\/>Les informations personnelles sont toutes les informations qui peuvent \u00eatre utilis\u00e9es pour distinguer, identifier ou contacter une personne sp\u00e9cifique. Ces informations peuvent inclure les opinions ou les croyances d&rsquo;une personne, ainsi que des faits la concernant ou s&rsquo;y rapportant. Les coordonn\u00e9es professionnelles et certaines informations accessibles au public, telles que les noms, adresses et num\u00e9ros de t\u00e9l\u00e9phone publi\u00e9s dans les annuaires t\u00e9l\u00e9phoniques publics, ne sont pas consid\u00e9r\u00e9es comme des informations personnelles.  <\/li>\n\n\n\n<li><strong>Responsabilit\u00e9<\/strong><br\/>La Fondation est responsable de toutes les informations personnelles dont elle a la garde ou le contr\u00f4le, y compris les informations qu&rsquo;elle peut transf\u00e9rer \u00e0 un tiers en vue de leur traitement. Le responsable de la protection de la vie priv\u00e9e peut d\u00e9l\u00e9guer \u00e0 d&rsquo;autres employ\u00e9s les responsabilit\u00e9s quotidiennes li\u00e9es \u00e0 l&rsquo;administration de la pr\u00e9sente politique, mais il reste responsable du traitement des informations personnelles par la Fondation. Le responsable de la protection de la vie priv\u00e9e peut \u00eatre contact\u00e9 \u00e0 l&rsquo;adresse suivante  <br\/><br\/>Fondation du CHEO<br\/>415, chemin Smyth<br\/>Ottawa, ON K1H 8M8<br\/>T\u00e9l\u00e9phone : 613 737-2780 ou 1-800-561-5638<br\/>Courriel : <a href=\"mailto:privacyofficer@cheofoundation.com\">privacyofficer@cheofoundation.com<\/a><br\/><br\/>La Fondation est responsable des renseignements personnels envoy\u00e9s \u00e0 des tiers pour traitement au nom de la Fondation ou \u00e0 des fournisseurs de services qui offrent des services \u00e0 la Fondation. La Fondation exige de ces tiers qu&rsquo;ils n&rsquo;utilisent les informations personnelles qu&rsquo;aux fins pour lesquelles elles leur ont \u00e9t\u00e9 fournies et qu&rsquo;ils prot\u00e8gent la s\u00e9curit\u00e9 des informations personnelles conform\u00e9ment aux lois sur la protection de la vie priv\u00e9e. <\/li>\n<\/ol>\n\n<ol start=\"5\" class=\"wp-block-list\">\n<li><strong>Finalit\u00e9s de la collecte, de l&rsquo;utilisation et de la divulgation des informations personnelles<\/strong><br\/>La Fondation ne recueille et n&rsquo;utilise les informations personnelles des donateurs qu&rsquo;aux fins suivantes :<br\/><br\/>\u2022 Traiter les dons et d\u00e9livrer des re\u00e7us fiscaux;<br\/>\u2022 Tenir les donateurs inform\u00e9s des activit\u00e9s de l&rsquo;h\u00f4pital et de la Fondation;<br\/>\u2022 Demander aux personnes et aux organisations de soutenir la mission de la Fondation, qui est d&rsquo;am\u00e9liorer la sant\u00e9 des enfants;<br\/>\u2022 Traiter les commandes de produits promotionnels, de billets de loterie et d&rsquo;\u00e9v\u00e9nements sp\u00e9ciaux de collecte de fonds et fournir les produits et services achet\u00e9s;<br\/>\u2022 Pour envoyer un accus\u00e9 de r\u00e9ception au destinataire d\u00e9sign\u00e9 d&rsquo;un don in memoriam ou in-honour;<br\/>\u2022 \u00c0 des fins d&rsquo;analyse interne pour aider la Fondation \u00e0 planifier ses futures activit\u00e9s de collecte de fonds.<br\/><br\/>Lorsqu&rsquo;elle contacte les donateurs, la Fondation respecte les pr\u00e9f\u00e9rences qu&rsquo;ils expriment sur des questions telles que la m\u00e9thode et la fr\u00e9quence des sollicitations et la reconnaissance publique des dons.<br\/><br\/>Les personnes qui recueillent des informations personnelles au nom de la Fondation seront en mesure d&rsquo;identifier le but dans lequel ces informations sont collect\u00e9es. Si les informations doivent \u00eatre utilis\u00e9es dans un but qui n&rsquo;a pas \u00e9t\u00e9 pr\u00e9alablement identifi\u00e9, la Fondation indiquera ce but avant l&rsquo;utilisation et donnera aux personnes concern\u00e9es la possibilit\u00e9 de refuser cette activit\u00e9. <\/li>\n<\/ol>\n\n<ol start=\"6\" class=\"wp-block-list\">\n<li><strong>Consentement<\/strong><br\/>Sauf autorisation ou obligation l\u00e9gale contraire, la Fondation ne recueille, n&rsquo;utilise et ne divulgue des informations personnelles qu&rsquo;avec le consentement de la personne concern\u00e9e.<br\/><br\/>Pour obtenir ce consentement, la Fondation informera la personne, oralement ou par \u00e9crit, des objectifs de la collecte, de l&rsquo;utilisation ou de la divulgation des informations personnelles. Lorsqu&rsquo;une personne fait un don, il lui est demand\u00e9 de consentir \u00e0 l&rsquo;utilisation de ses donn\u00e9es personnelles aux fins \u00e9nonc\u00e9es dans la pr\u00e9sente politique. La Fondation demandera ce consentement soit au moment de la collecte des informations, soit apr\u00e8s la collecte mais avant l&rsquo;utilisation des informations.  <br\/><br\/>Une personne peut \u00e0 tout moment retirer son consentement \u00e0 l&rsquo;utilisation de ses donn\u00e9es personnelles \u00e0 quelque fin que ce soit en contactant la Fondation \u00e0 l&rsquo;adresse indiqu\u00e9e ci-dessus. La Fondation expliquera les cons\u00e9quences du retrait du consentement. Veuillez nous accorder un d\u00e9lai raisonnable pour traiter toute demande de retrait de consentement.  <\/li>\n<\/ol>\n\n<ol start=\"7\" class=\"wp-block-list\">\n<li><strong>Consentement \u00e0 la collecte d&rsquo;informations sur le site Web<\/strong><br\/>Les dons \u00e0 la Fondation peuvent \u00eatre effectu\u00e9s via le site Web. De m\u00eame, les personnes peuvent s&rsquo;inscrire \u00e0 des services ou commander des biens par l&rsquo;interm\u00e9diaire du site Web. Toute information personnelle fournie par une personne sur le site Web sera trait\u00e9e conform\u00e9ment \u00e0 la pr\u00e9sente politique. Les informations relatives aux cartes de cr\u00e9dit sont trait\u00e9es via une session s\u00e9curis\u00e9e par le protocole SSL (Secure Sockets Layer).   <br\/><br\/>En outre, le site Web utilise des cookies, de petites quantit\u00e9s de donn\u00e9es qui sont transf\u00e9r\u00e9es au navigateur de l&rsquo;utilisateur. Les cookies sont utilis\u00e9s pour adapter le site aux int\u00e9r\u00eats d&rsquo;une personne ou pour conserver des informations personnelles, telles qu&rsquo;un mot de passe pour la prochaine visite. Un utilisateur peut configurer son navigateur pour qu&rsquo;il n&rsquo;accepte pas les cookies tout en continuant \u00e0 acc\u00e9der au site web. Le site Web recueille \u00e9galement des informations non personnelles qui sont utilis\u00e9es \u00e0 des fins d&rsquo;administration du syst\u00e8me et pour la mise \u00e0 jour.   <\/li>\n<\/ol>\n\n<ol start=\"8\" class=\"wp-block-list\">\n<li><strong>Exactitude<\/strong><br\/>La Fondation veille \u00e0 ce que les informations personnelles qu&rsquo;elle utilise soient exactes et \u00e0 jour. Veuillez nous aider en nous informant de toute inexactitude que vous constatez et nous apporterons les corrections appropri\u00e9es. <\/li>\n\n\n\n<li><strong>Limitation de la divulgation et de la conservation des informations personnelles<\/strong><br\/>La Fondation limite la collecte d&rsquo;informations personnelles \u00e0 ce qui est n\u00e9cessaire aux fins pour lesquelles elles sont collect\u00e9es.<br\/><br\/>La Fondation ne vend pas, ne troque pas, ne loue pas les listes de donateurs.<br\/><br\/>Seuls les employ\u00e9s, les b\u00e9n\u00e9voles autoris\u00e9s et les agents qui ont besoin d&rsquo;en conna\u00eetre pour les besoins de la Fondation ou dont les fonctions l&rsquo;exigent raisonnablement ont acc\u00e8s aux informations personnelles.<br\/><br\/>La Fondation ne conserve les informations personnelles qu&rsquo;aussi longtemps que n\u00e9cessaire aux fins sp\u00e9cifi\u00e9es. Sous r\u00e9serve d&rsquo;autres exigences l\u00e9gales en mati\u00e8re de conservation des informations, la Fondation ne conserve les informations personnelles d&rsquo;un donateur qu&rsquo;aussi longtemps que la relation entre les deux personnes est maintenue et entretenue. <\/li>\n<\/ol>\n\n<ol start=\"10\" class=\"wp-block-list\">\n<li><strong>Sauvegarde<\/strong><br\/>La Fondation prot\u00e8ge les informations personnelles contre des risques tels que la perte ou le vol, l&rsquo;acc\u00e8s non autoris\u00e9, la divulgation, la copie, la modification et la destruction en utilisant des mesures de s\u00e9curit\u00e9 appropri\u00e9es. La Fondation s&rsquo;engage \u00e0 prot\u00e9ger les informations quel que soit le format dans lequel elles sont conserv\u00e9es. <br\/><br\/>Les employ\u00e9s de la Fondation, les b\u00e9n\u00e9voles autoris\u00e9s et les agents ayant acc\u00e8s aux informations personnelles sont tenus de respecter la confidentialit\u00e9 de ces informations en signant un accord de confidentialit\u00e9, en participant \u00e0 une formation sur la protection de la vie priv\u00e9e et en mettant en \u0153uvre des m\u00e9thodes de protection qui incluent :<br\/><br\/>1. des mesures physiques telles que le verrouillage des classeurs et la restriction de l&rsquo;acc\u00e8s aux bureaux;<br\/>2. des mesures organisationnelles telles que la limitation de l&rsquo;acc\u00e8s aux informations selon le principe du \u00ab besoin de savoir \u00bb;<br\/>3. des mesures technologiques telles que les mots de passe, le cryptage et les audits.<\/li>\n<\/ol>\n\n<ol start=\"11\" class=\"wp-block-list\">\n<li><strong>Acc\u00e8s \u00e0 l&rsquo;information<\/strong><br\/>Sur demande, la Fondation informera une personne de l&rsquo;existence, de l&rsquo;utilisation et de la divulgation de ses informations personnelles. Les demandes peuvent \u00eatre adress\u00e9es au responsable de la protection de la vie priv\u00e9e. Sur r\u00e9ception d&rsquo;une demande, la Fondation peut exiger des informations suffisantes pour confirmer l&rsquo;identit\u00e9 d&rsquo;une personne avant de divulguer des informations personnelles. \u00c0 la r\u00e9ception d&rsquo;une demande, la Fondation divulguera :   <br\/><br\/>\u2022 si elle d\u00e9tient ou non des informations personnelles sur la personne concern\u00e9e;<br\/>\u2022 la source des informations; et<br\/>\u2022 le nom des tiers auxquels les informations ont \u00e9t\u00e9 divulgu\u00e9es.<br\/><br\/>La Fondation permettra \u00e9galement \u00e0 la personne concern\u00e9e de consulter les informations ou d&rsquo;en recevoir des copies. Dans certaines circonstances, la Fondation ne peut pas donner acc\u00e8s \u00e0 toutes les informations demand\u00e9es. Il s&rsquo;agit notamment d&rsquo;informations concernant des tiers et d&rsquo;informations qui ne peuvent \u00eatre divulgu\u00e9es pour des raisons juridiques ou de s\u00e9curit\u00e9. La Fondation expliquera son incapacit\u00e9 \u00e0 fournir l&rsquo;acc\u00e8s aux informations dans ces circonstances.   <br\/><br\/>Sous r\u00e9serve de la l\u00e9gislation applicable, la Fondation s&rsquo;efforcera de fournir ces informations dans les 30 jours suivant la r\u00e9ception de la demande. La Fondation peut demander une prolongation de ce d\u00e9lai dans la mesure o\u00f9 la loi le permet. <br\/><br\/>La Fondation corrigera ou modifiera toute information personnelle qui s&rsquo;av\u00e8re inexacte ou incompl\u00e8te.<\/li>\n<\/ol>\n\n<ol start=\"12\" class=\"wp-block-list\">\n<li><strong>Questions et plaintes<\/strong><br\/>Pour obtenir de plus amples renseignements sur les pratiques de la Fondation en mati\u00e8re de traitement des renseignements ou pour d\u00e9poser une plainte, veuillez communiquer avec le responsable de la protection de la vie priv\u00e9e de la Fondation du CHEO.<br\/><br\/>La Fondation enqu\u00eatera sur toutes les plaintes et prendra les mesures qui s&rsquo;imposent \u00e0 la suite des r\u00e9sultats de l&rsquo;enqu\u00eate.<\/li>\n<\/ol>\n","protected":false},"excerpt":{"rendered":"","protected":false},"author":1,"featured_media":0,"parent":0,"menu_order":0,"comment_status":"closed","ping_status":"closed","template":"","meta":{"footnotes":""},"class_list":["post-540","page","type-page","status-publish","hentry"],"yoast_head":"<!-- This site is optimized with the Yoast SEO plugin v27.5 - https:\/\/yoast.com\/product\/yoast-seo-wordpress\/ -->\n<title>CN Cycle for CHEO | Politique de confidentialit\u00e9<\/title>\n<meta name=\"robots\" content=\"index, follow, max-snippet:-1, max-image-preview:large, max-video-preview:-1\" \/>\n<link rel=\"canonical\" href=\"https:\/\/cncycle.cheofoundation.com\/fr\/politique-de-confidentialite\/\" \/>\n<meta property=\"og:locale\" content=\"fr_FR\" \/>\n<meta property=\"og:type\" content=\"article\" \/>\n<meta property=\"og:title\" content=\"CN Cycle for CHEO | Politique de confidentialit\u00e9\" \/>\n<meta property=\"og:url\" content=\"https:\/\/cncycle.cheofoundation.com\/fr\/politique-de-confidentialite\/\" \/>\n<meta property=\"og:site_name\" content=\"CN Cycle for CHEO\" \/>\n<meta property=\"article:publisher\" content=\"https:\/\/www.facebook.com\/CHEOkids\/\" \/>\n<meta property=\"article:modified_time\" content=\"2025-01-23T15:51:54+00:00\" \/>\n<meta property=\"og:image\" content=\"https:\/\/cncycle.cheofoundation.com\/wp-content\/uploads\/sites\/2\/2025\/02\/CHEO_CN-Cycle.jpg\" \/>\n\t<meta property=\"og:image:width\" content=\"1201\" \/>\n\t<meta property=\"og:image:height\" content=\"676\" \/>\n\t<meta property=\"og:image:type\" content=\"image\/jpeg\" \/>\n<meta name=\"twitter:card\" content=\"summary_large_image\" \/>\n<meta name=\"twitter:label1\" content=\"Est. reading time\" \/>\n\t<meta name=\"twitter:data1\" content=\"8 minutes\" \/>\n<script type=\"application\/ld+json\" class=\"yoast-schema-graph\">{\"@context\":\"https:\\\/\\\/schema.org\",\"@graph\":[{\"@type\":\"WebPage\",\"@id\":\"https:\\\/\\\/cncycle.cheofoundation.com\\\/fr\\\/politique-de-confidentialite\\\/\",\"url\":\"https:\\\/\\\/cncycle.cheofoundation.com\\\/fr\\\/politique-de-confidentialite\\\/\",\"name\":\"CN Cycle for CHEO | Politique de confidentialit\u00e9\",\"isPartOf\":{\"@id\":\"https:\\\/\\\/cncycle.cheofoundation.com\\\/fr\\\/#website\"},\"datePublished\":\"2024-12-19T22:45:53+00:00\",\"dateModified\":\"2025-01-23T15:51:54+00:00\",\"breadcrumb\":{\"@id\":\"https:\\\/\\\/cncycle.cheofoundation.com\\\/fr\\\/politique-de-confidentialite\\\/#breadcrumb\"},\"inLanguage\":\"fr-FR\",\"potentialAction\":[{\"@type\":\"ReadAction\",\"target\":[\"https:\\\/\\\/cncycle.cheofoundation.com\\\/fr\\\/politique-de-confidentialite\\\/\"]}]},{\"@type\":\"BreadcrumbList\",\"@id\":\"https:\\\/\\\/cncycle.cheofoundation.com\\\/fr\\\/politique-de-confidentialite\\\/#breadcrumb\",\"itemListElement\":[{\"@type\":\"ListItem\",\"position\":1,\"name\":\"Home\",\"item\":\"https:\\\/\\\/cncycle.cheofoundation.com\\\/fr\\\/\"},{\"@type\":\"ListItem\",\"position\":2,\"name\":\"Politique de confidentialit\u00e9\"}]},{\"@type\":\"WebSite\",\"@id\":\"https:\\\/\\\/cncycle.cheofoundation.com\\\/fr\\\/#website\",\"url\":\"https:\\\/\\\/cncycle.cheofoundation.com\\\/fr\\\/\",\"name\":\"CN Cycle for CHEO\",\"description\":\"\",\"publisher\":{\"@id\":\"https:\\\/\\\/cncycle.cheofoundation.com\\\/fr\\\/#organization\"},\"potentialAction\":[{\"@type\":\"SearchAction\",\"target\":{\"@type\":\"EntryPoint\",\"urlTemplate\":\"https:\\\/\\\/cncycle.cheofoundation.com\\\/fr\\\/?s={search_term_string}\"},\"query-input\":{\"@type\":\"PropertyValueSpecification\",\"valueRequired\":true,\"valueName\":\"search_term_string\"}}],\"inLanguage\":\"fr-FR\"},{\"@type\":\"Organization\",\"@id\":\"https:\\\/\\\/cncycle.cheofoundation.com\\\/fr\\\/#organization\",\"name\":\"CN Cycle for CHEO\",\"url\":\"https:\\\/\\\/cncycle.cheofoundation.com\\\/fr\\\/\",\"logo\":{\"@type\":\"ImageObject\",\"inLanguage\":\"fr-FR\",\"@id\":\"https:\\\/\\\/cncycle.cheofoundation.com\\\/fr\\\/#\\\/schema\\\/logo\\\/image\\\/\",\"url\":\"https:\\\/\\\/cncycle.cheofoundation.com\\\/wp-content\\\/uploads\\\/sites\\\/2\\\/2025\\\/02\\\/CN-cycle-stacked.png\",\"contentUrl\":\"https:\\\/\\\/cncycle.cheofoundation.com\\\/wp-content\\\/uploads\\\/sites\\\/2\\\/2025\\\/02\\\/CN-cycle-stacked.png\",\"width\":648,\"height\":489,\"caption\":\"CN Cycle for CHEO\"},\"image\":{\"@id\":\"https:\\\/\\\/cncycle.cheofoundation.com\\\/fr\\\/#\\\/schema\\\/logo\\\/image\\\/\"},\"sameAs\":[\"https:\\\/\\\/www.facebook.com\\\/CHEOkids\\\/\",\"https:\\\/\\\/www.youtube.com\\\/user\\\/CHEOvideos\",\"https:\\\/\\\/www.linkedin.com\\\/company\\\/cheo-ottawa\\\/\",\"https:\\\/\\\/www.instagram.com\\\/cheohospital\\\/\"]}]}<\/script>\n<!-- \/ Yoast SEO plugin. -->","yoast_head_json":{"title":"CN Cycle for CHEO | Politique de confidentialit\u00e9","robots":{"index":"index","follow":"follow","max-snippet":"max-snippet:-1","max-image-preview":"max-image-preview:large","max-video-preview":"max-video-preview:-1"},"canonical":"https:\/\/cncycle.cheofoundation.com\/fr\/politique-de-confidentialite\/","og_locale":"fr_FR","og_type":"article","og_title":"CN Cycle for CHEO | Politique de confidentialit\u00e9","og_url":"https:\/\/cncycle.cheofoundation.com\/fr\/politique-de-confidentialite\/","og_site_name":"CN Cycle for CHEO","article_publisher":"https:\/\/www.facebook.com\/CHEOkids\/","article_modified_time":"2025-01-23T15:51:54+00:00","og_image":[{"width":1201,"height":676,"url":"https:\/\/cncycle.cheofoundation.com\/wp-content\/uploads\/sites\/2\/2025\/02\/CHEO_CN-Cycle.jpg","type":"image\/jpeg"}],"twitter_card":"summary_large_image","twitter_misc":{"Est. reading time":"8 minutes"},"schema":{"@context":"https:\/\/schema.org","@graph":[{"@type":"WebPage","@id":"https:\/\/cncycle.cheofoundation.com\/fr\/politique-de-confidentialite\/","url":"https:\/\/cncycle.cheofoundation.com\/fr\/politique-de-confidentialite\/","name":"CN Cycle for CHEO | Politique de confidentialit\u00e9","isPartOf":{"@id":"https:\/\/cncycle.cheofoundation.com\/fr\/#website"},"datePublished":"2024-12-19T22:45:53+00:00","dateModified":"2025-01-23T15:51:54+00:00","breadcrumb":{"@id":"https:\/\/cncycle.cheofoundation.com\/fr\/politique-de-confidentialite\/#breadcrumb"},"inLanguage":"fr-FR","potentialAction":[{"@type":"ReadAction","target":["https:\/\/cncycle.cheofoundation.com\/fr\/politique-de-confidentialite\/"]}]},{"@type":"BreadcrumbList","@id":"https:\/\/cncycle.cheofoundation.com\/fr\/politique-de-confidentialite\/#breadcrumb","itemListElement":[{"@type":"ListItem","position":1,"name":"Home","item":"https:\/\/cncycle.cheofoundation.com\/fr\/"},{"@type":"ListItem","position":2,"name":"Politique de confidentialit\u00e9"}]},{"@type":"WebSite","@id":"https:\/\/cncycle.cheofoundation.com\/fr\/#website","url":"https:\/\/cncycle.cheofoundation.com\/fr\/","name":"CN Cycle for CHEO","description":"","publisher":{"@id":"https:\/\/cncycle.cheofoundation.com\/fr\/#organization"},"potentialAction":[{"@type":"SearchAction","target":{"@type":"EntryPoint","urlTemplate":"https:\/\/cncycle.cheofoundation.com\/fr\/?s={search_term_string}"},"query-input":{"@type":"PropertyValueSpecification","valueRequired":true,"valueName":"search_term_string"}}],"inLanguage":"fr-FR"},{"@type":"Organization","@id":"https:\/\/cncycle.cheofoundation.com\/fr\/#organization","name":"CN Cycle for CHEO","url":"https:\/\/cncycle.cheofoundation.com\/fr\/","logo":{"@type":"ImageObject","inLanguage":"fr-FR","@id":"https:\/\/cncycle.cheofoundation.com\/fr\/#\/schema\/logo\/image\/","url":"https:\/\/cncycle.cheofoundation.com\/wp-content\/uploads\/sites\/2\/2025\/02\/CN-cycle-stacked.png","contentUrl":"https:\/\/cncycle.cheofoundation.com\/wp-content\/uploads\/sites\/2\/2025\/02\/CN-cycle-stacked.png","width":648,"height":489,"caption":"CN Cycle for CHEO"},"image":{"@id":"https:\/\/cncycle.cheofoundation.com\/fr\/#\/schema\/logo\/image\/"},"sameAs":["https:\/\/www.facebook.com\/CHEOkids\/","https:\/\/www.youtube.com\/user\/CHEOvideos","https:\/\/www.linkedin.com\/company\/cheo-ottawa\/","https:\/\/www.instagram.com\/cheohospital\/"]}]}},"_links":{"self":[{"href":"https:\/\/cncycle.cheofoundation.com\/fr\/wp-json\/wp\/v2\/pages\/540","targetHints":{"allow":["GET"]}}],"collection":[{"href":"https:\/\/cncycle.cheofoundation.com\/fr\/wp-json\/wp\/v2\/pages"}],"about":[{"href":"https:\/\/cncycle.cheofoundation.com\/fr\/wp-json\/wp\/v2\/types\/page"}],"author":[{"embeddable":true,"href":"https:\/\/cncycle.cheofoundation.com\/fr\/wp-json\/wp\/v2\/users\/1"}],"replies":[{"embeddable":true,"href":"https:\/\/cncycle.cheofoundation.com\/fr\/wp-json\/wp\/v2\/comments?post=540"}],"version-history":[{"count":0,"href":"https:\/\/cncycle.cheofoundation.com\/fr\/wp-json\/wp\/v2\/pages\/540\/revisions"}],"wp:attachment":[{"href":"https:\/\/cncycle.cheofoundation.com\/fr\/wp-json\/wp\/v2\/media?parent=540"}],"curies":[{"name":"wp","href":"https:\/\/api.w.org\/{rel}","templated":true}]}}